{"id":1268,"date":"2023-10-13T09:50:17","date_gmt":"2023-10-13T09:50:17","guid":{"rendered":"https:\/\/mykamiss.com\/?post_type=product&#038;p=1268"},"modified":"2024-09-21T12:25:26","modified_gmt":"2024-09-21T12:25:26","slug":"mks19231-chemise-a-manches-longues-pour-hommes-nouveau-style-coutures-fraiches-et-tendance-rayures-contrastees-ample-decontractee","status":"publish","type":"product","link":"https:\/\/mykamiss.com\/?product=mks19231-chemise-a-manches-longues-pour-hommes-nouveau-style-coutures-fraiches-et-tendance-rayures-contrastees-ample-decontractee","title":{"rendered":"MKS19231 &#8211; Chemise \u00e0 manches longues pour hommes nouveau style coutures fra\u00eeches et tendance rayures contrast\u00e9es ample d\u00e9contract\u00e9e"},"content":{"rendered":"<div id=\"J_BrandAttr\" class=\"tm-clear tb-hidden tm_brandAttr\">\u00a0<\/div>\n<p>\u00a0<\/p>\n<ul>\n<li style=\"list-style-type: none\">\n<ul>\n<li title=\"\u00a0mode jeunesse\"><span style=\"vertical-align: inherit\"><span style=\"vertical-align: inherit\">Style de base\u00a0: populaire aupr\u00e8s des jeunes<\/span><\/span><\/li>\n<li title=\"\u00a070% coton, 27% fibre polyamide (nylon), 3% fibre \u00e9lastique polyur\u00e9thane (spandex)\"><span style=\"vertical-align: inherit\"><span style=\"vertical-align: inherit\">Composition du mat\u00e9riau : 70 % coton, 27 % fibre de polyamide (nylon), 3 % (spandex)<\/span><\/span><\/li>\n<\/ul>\n<\/li>\n<\/ul>\n<p><!-- \u5065\u5b57\u53f7\u76f8\u5173--><\/p>\n<p><img data-recalc-dims=\"1\" decoding=\"async\" id=\"desc-module-1\" class=\"desc_anchor\" src=\"https:\/\/i0.wp.com\/mykamiss.com\/wp-content\/uploads\/2023\/09\/spaceball.gif?w=720&#038;ssl=1\" \/><\/p>\n<p><img data-recalc-dims=\"1\" decoding=\"async\" src=\"https:\/\/i0.wp.com\/mykamiss.com\/wp-content\/uploads\/2023\/09\/O1CN01FUNhsp1RtuGtPOM22_3167522170.webp?w=720&#038;ssl=1\" align=\"absmiddle\" \/><img data-recalc-dims=\"1\" decoding=\"async\" src=\"https:\/\/i0.wp.com\/mykamiss.com\/wp-content\/uploads\/2023\/09\/O1CN01EFBU7w1RtuGklpzQQ_3167522170.webp?w=720&#038;ssl=1\" align=\"absmiddle\" \/><img data-recalc-dims=\"1\" decoding=\"async\" src=\"https:\/\/i0.wp.com\/mykamiss.com\/wp-content\/uploads\/2023\/09\/O1CN019Grdaj1RtuGmwvH9e_3167522170.webp?w=720&#038;ssl=1\" align=\"absmiddle\" \/><img data-recalc-dims=\"1\" decoding=\"async\" src=\"https:\/\/i0.wp.com\/mykamiss.com\/wp-content\/uploads\/2023\/09\/O1CN017G7ni61RtuGn1pbLY_3167522170.webp?w=720&#038;ssl=1\" align=\"absmiddle\" \/><\/p>\n","protected":false},"excerpt":{"rendered":"<p>\u00a0 \u00a0 Style de base\u00a0: populaire aupr\u00e8s des jeunes Composition du mat\u00e9riau : 70 % coton, 27 % fibre de polyamide (nylon), 3 % (spandex)<\/p>\n","protected":false},"featured_media":1269,"comment_status":"open","ping_status":"closed","template":"","meta":{"_acf_changed":false},"product_brand":[],"product_cat":[45,18],"product_tag":[],"class_list":{"0":"post-1268","1":"product","2":"type-product","3":"status-publish","4":"has-post-thumbnail","6":"product_cat-chemises-hommes","7":"product_cat-mks-homme","9":"first","10":"instock","11":"shipping-taxable","12":"purchasable","13":"product-type-variable"},"acf":[],"jetpack_sharing_enabled":true,"_links":{"self":[{"href":"https:\/\/mykamiss.com\/index.php?rest_route=\/wp\/v2\/product\/1268","targetHints":{"allow":["GET"]}}],"collection":[{"href":"https:\/\/mykamiss.com\/index.php?rest_route=\/wp\/v2\/product"}],"about":[{"href":"https:\/\/mykamiss.com\/index.php?rest_route=\/wp\/v2\/types\/product"}],"replies":[{"embeddable":true,"href":"https:\/\/mykamiss.com\/index.php?rest_route=%2Fwp%2Fv2%2Fcomments&post=1268"}],"wp:featuredmedia":[{"embeddable":true,"href":"https:\/\/mykamiss.com\/index.php?rest_route=\/wp\/v2\/media\/1269"}],"wp:attachment":[{"href":"https:\/\/mykamiss.com\/index.php?rest_route=%2Fwp%2Fv2%2Fmedia&parent=1268"}],"wp:term":[{"taxonomy":"product_brand","embeddable":true,"href":"https:\/\/mykamiss.com\/index.php?rest_route=%2Fwp%2Fv2%2Fproduct_brand&post=1268"},{"taxonomy":"product_cat","embeddable":true,"href":"https:\/\/mykamiss.com\/index.php?rest_route=%2Fwp%2Fv2%2Fproduct_cat&post=1268"},{"taxonomy":"product_tag","embeddable":true,"href":"https:\/\/mykamiss.com\/index.php?rest_route=%2Fwp%2Fv2%2Fproduct_tag&post=1268"}],"curies":[{"name":"wp","href":"https:\/\/api.w.org\/{rel}","templated":true}]}}