{"id":13718,"date":"2024-02-13T20:04:51","date_gmt":"2024-02-13T20:04:51","guid":{"rendered":"https:\/\/mykamiss.com\/?post_type=product&#038;p=13718"},"modified":"2024-02-26T15:02:03","modified_gmt":"2024-02-26T15:02:03","slug":"housse-de-canape-tout-compris-housse-universelle-coussin-de-canape-universel-housse-de-coussin-housse-de-canape-housse-de-canape-elastique","status":"publish","type":"product","link":"https:\/\/mykamiss.com\/?product=housse-de-canape-tout-compris-housse-universelle-coussin-de-canape-universel-housse-de-coussin-housse-de-canape-housse-de-canape-elastique","title":{"rendered":"Housse de canap\u00e9, tout compris, housse de canap\u00e9 \u00e9lastique"},"content":{"rendered":"<ul>\n<li style=\"list-style-type: none;\">\n<ul>\n<li title=\"\u00a0Autre\/autre\"><span style=\"vertical-align: inherit;\"><span style=\"vertical-align: inherit;\">Mat\u00e9riel: autre\/autre<\/span><\/span><\/li>\n<li title=\"\u00a0Autre\/autre\"><span style=\"vertical-align: inherit;\"><span style=\"vertical-align: inherit;\">Mod\u00e8le: autre\/autre<\/span><\/span><\/li>\n<li title=\"\u00a0Grand appui-t\u00eate S [convient pour une largeur de 30 \u00e0 40 cm, une longueur de 60 \u00e0 80 cm] Grand dossier M [convient pour une largeur de 50 \u00e0 70 cm, une longueur de 80 \u00e0 100 cm] Grand S simple [convient pour une largeur de 65 \u00e0 95 cm, une longueur de 65 \u00e0 95 cm, une \u00e9paisseur de 5 -20 cm \u3011 Grand M pour deux personnes [convient pour une largeur de 65 \u00e0 95 cm, une longueur de 95 \u00e0 135 cm, une \u00e9paisseur de 5 \u00e0 20 cm] Grand L pour trois personnes [convient pour une largeur de 65 \u00e0 95 cm, une longueur de 135 \u00e0 165 cm, une \u00e9paisseur de 5 \u00e0 20 cm] Grand XL pour quatre personnes [convient pour une largeur de 65 \u00e0 95 cm de long, 165 \u00e0 200 cm d'\u00e9paisseur, 5 \u00e0 20 cm] Concubine imp\u00e9riale extra large 2XL [convient pour une largeur de 90 \u00e0 110 cm, une longueur de 160 \u00e0 190 cm, une \u00e9paisseur de 5 \u00e0 20 cm] Taie d'oreiller de 45 x 45 cm et personnalisation de la p\u00e9dale [70]\"><span style=\"vertical-align: inherit;\"><span style=\"vertical-align: inherit;\">Taille : grand appui-t\u00eate S [convient pour une largeur de 30 \u00e0 40 cm, une longueur de 60 \u00e0 80 cm] Grand dossier M [convient pour une largeur de 50 \u00e0 70 cm, une longueur de 80 \u00e0 100 cm] Grand S simple [convient pour une largeur de 65 \u00e0 95 cm, une longueur de 65 \u00e0 95 cm, \u00e9paisseur 5 -20 cm] Grand M double [convient pour une largeur 65-95 cm de long 95-135 cm d\u2019\u00e9paisseur 5-20 cm] Grand L trois personnes [convient pour une largeur de 65-95 cm de long 135-165 cm d\u2019\u00e9paisseur 5-20 cm] Grand XL quatre personnes [convient pour une largeur de 65 \u00e0 95 cm de long, une \u00e9paisseur de 165 \u00e0 200 cm, une \u00e9paisseur de 5 \u00e0 20 cm] Concubine imp\u00e9riale extra large 2XL [convient pour une largeur de 90 \u00e0 110 cm, une longueur de 160 \u00e0 190 cm, une \u00e9paisseur de 5 \u00e0 20 cm] Taie d\u2019oreiller de 45 x 45 cm et personnalisation de la p\u00e9dale [70 ]<\/span><\/span><\/li>\n<li title=\"\u00a0Housse de canap\u00e9 (couvrant tout le canap\u00e9)\"><span style=\"vertical-align: inherit;\"><span style=\"vertical-align: inherit;\">Produits de housse de canap\u00e9\u00a0: Housse de canap\u00e9 (couvrant tout le canap\u00e9)<\/span><\/span><\/li>\n<li title=\"\u00a0assembler le canap\u00e9\"><span style=\"vertical-align: inherit;\"><span style=\"vertical-align: inherit;\">Objets applicables : canap\u00e9 modulaire<\/span><\/span><\/li>\n<\/ul>\n<\/li>\n<\/ul>\n<p><!-- \u5065\u5b57\u53f7\u76f8\u5173--><\/p>\n<p><img data-recalc-dims=\"1\" decoding=\"async\" id=\"desc-module-1\" class=\"desc_anchor\" src=\"https:\/\/i0.wp.com\/mykamiss.com\/wp-content\/uploads\/2023\/09\/spaceball.gif?w=720&ssl=1\" \/><\/p>\n<p>\u00a0<\/p>\n","protected":false},"excerpt":{"rendered":"<p>Mat\u00e9riel: autre\/autre Mod\u00e8le: autre\/autre Taille : grand appui-t\u00eate S [convient pour une largeur de 30 \u00e0 40 cm, une longueur de 60 \u00e0 80 cm] Grand dossier M [convient pour une largeur de 50 \u00e0 70 cm, une longueur de 80 \u00e0 100 cm] Grand S simple [convient pour une largeur de 65 \u00e0 95 cm, une longueur de 65 [&hellip;]<\/p>\n","protected":false},"featured_media":13719,"comment_status":"open","ping_status":"closed","template":"","meta":{"_acf_changed":false},"product_brand":[],"product_cat":[59],"product_tag":[],"class_list":{"0":"post-13718","1":"product","2":"type-product","3":"status-publish","4":"has-post-thumbnail","6":"product_cat-mks-home","8":"first","9":"instock","10":"shipping-taxable","11":"purchasable","12":"product-type-variable"},"acf":[],"jetpack_sharing_enabled":true,"_links":{"self":[{"href":"https:\/\/mykamiss.com\/index.php?rest_route=\/wp\/v2\/product\/13718","targetHints":{"allow":["GET"]}}],"collection":[{"href":"https:\/\/mykamiss.com\/index.php?rest_route=\/wp\/v2\/product"}],"about":[{"href":"https:\/\/mykamiss.com\/index.php?rest_route=\/wp\/v2\/types\/product"}],"replies":[{"embeddable":true,"href":"https:\/\/mykamiss.com\/index.php?rest_route=%2Fwp%2Fv2%2Fcomments&post=13718"}],"wp:featuredmedia":[{"embeddable":true,"href":"https:\/\/mykamiss.com\/index.php?rest_route=\/wp\/v2\/media\/13719"}],"wp:attachment":[{"href":"https:\/\/mykamiss.com\/index.php?rest_route=%2Fwp%2Fv2%2Fmedia&parent=13718"}],"wp:term":[{"taxonomy":"product_brand","embeddable":true,"href":"https:\/\/mykamiss.com\/index.php?rest_route=%2Fwp%2Fv2%2Fproduct_brand&post=13718"},{"taxonomy":"product_cat","embeddable":true,"href":"https:\/\/mykamiss.com\/index.php?rest_route=%2Fwp%2Fv2%2Fproduct_cat&post=13718"},{"taxonomy":"product_tag","embeddable":true,"href":"https:\/\/mykamiss.com\/index.php?rest_route=%2Fwp%2Fv2%2Fproduct_tag&post=13718"}],"curies":[{"name":"wp","href":"https:\/\/api.w.org\/{rel}","templated":true}]}}