{"id":15326,"date":"2024-05-09T12:46:41","date_gmt":"2024-05-09T12:46:41","guid":{"rendered":"https:\/\/mykamiss.com\/?post_type=product&#038;p=15326"},"modified":"2024-05-09T12:46:41","modified_gmt":"2024-05-09T12:46:41","slug":"retro-pur-coton-chemise-a-manches-longues-pour-hommes-chemise-decontracte-ample-haut-de-gamme-mks6902","status":"publish","type":"product","link":"https:\/\/mykamiss.com\/?product=retro-pur-coton-chemise-a-manches-longues-pour-hommes-chemise-decontracte-ample-haut-de-gamme-mks6902","title":{"rendered":"r\u00e9tro pur coton chemise \u00e0 manches longues pour hommes, chemise d\u00e9contract\u00e9 ample haut de gamme MKS6902"},"content":{"rendered":"","protected":false},"excerpt":{"rendered":"","protected":false},"featured_media":15253,"comment_status":"open","ping_status":"closed","template":"","meta":{"_acf_changed":false},"product_brand":[],"product_cat":[45,18],"product_tag":[],"class_list":{"0":"post-15326","1":"product","2":"type-product","3":"status-publish","4":"has-post-thumbnail","6":"product_cat-chemises-hommes","7":"product_cat-mks-homme","9":"first","10":"instock","11":"shipping-taxable","12":"purchasable","13":"product-type-variable"},"acf":[],"jetpack_sharing_enabled":true,"_links":{"self":[{"href":"https:\/\/mykamiss.com\/index.php?rest_route=\/wp\/v2\/product\/15326","targetHints":{"allow":["GET"]}}],"collection":[{"href":"https:\/\/mykamiss.com\/index.php?rest_route=\/wp\/v2\/product"}],"about":[{"href":"https:\/\/mykamiss.com\/index.php?rest_route=\/wp\/v2\/types\/product"}],"replies":[{"embeddable":true,"href":"https:\/\/mykamiss.com\/index.php?rest_route=%2Fwp%2Fv2%2Fcomments&post=15326"}],"wp:featuredmedia":[{"embeddable":true,"href":"https:\/\/mykamiss.com\/index.php?rest_route=\/wp\/v2\/media\/15253"}],"wp:attachment":[{"href":"https:\/\/mykamiss.com\/index.php?rest_route=%2Fwp%2Fv2%2Fmedia&parent=15326"}],"wp:term":[{"taxonomy":"product_brand","embeddable":true,"href":"https:\/\/mykamiss.com\/index.php?rest_route=%2Fwp%2Fv2%2Fproduct_brand&post=15326"},{"taxonomy":"product_cat","embeddable":true,"href":"https:\/\/mykamiss.com\/index.php?rest_route=%2Fwp%2Fv2%2Fproduct_cat&post=15326"},{"taxonomy":"product_tag","embeddable":true,"href":"https:\/\/mykamiss.com\/index.php?rest_route=%2Fwp%2Fv2%2Fproduct_tag&post=15326"}],"curies":[{"name":"wp","href":"https:\/\/api.w.org\/{rel}","templated":true}]}}