{"id":15358,"date":"2024-05-09T13:30:08","date_gmt":"2024-05-09T13:30:08","guid":{"rendered":"https:\/\/mykamiss.com\/?post_type=product&#038;p=15358"},"modified":"2024-05-09T13:30:08","modified_gmt":"2024-05-09T13:30:08","slug":"chemise-decontractee-a-manches-longues-pour-hommes-haut-decontracte-et-polyvalent-litteraire-ample-en-coton-imprime-mks7250","status":"publish","type":"product","link":"https:\/\/mykamiss.com\/?product=chemise-decontractee-a-manches-longues-pour-hommes-haut-decontracte-et-polyvalent-litteraire-ample-en-coton-imprime-mks7250","title":{"rendered":"Chemise d\u00e9contract\u00e9e \u00e0 manches longues pour hommes, haut d\u00e9contract\u00e9 et polyvalent, litt\u00e9raire, ample, en coton, imprim\u00e9 MKS7250"},"content":{"rendered":"","protected":false},"excerpt":{"rendered":"","protected":false},"featured_media":15282,"comment_status":"open","ping_status":"closed","template":"","meta":{"_acf_changed":false},"product_brand":[],"product_cat":[45,18],"product_tag":[],"class_list":{"0":"post-15358","1":"product","2":"type-product","3":"status-publish","4":"has-post-thumbnail","6":"product_cat-chemises-hommes","7":"product_cat-mks-homme","9":"first","10":"instock","11":"shipping-taxable","12":"purchasable","13":"product-type-variable"},"acf":[],"jetpack_sharing_enabled":true,"_links":{"self":[{"href":"https:\/\/mykamiss.com\/index.php?rest_route=\/wp\/v2\/product\/15358","targetHints":{"allow":["GET"]}}],"collection":[{"href":"https:\/\/mykamiss.com\/index.php?rest_route=\/wp\/v2\/product"}],"about":[{"href":"https:\/\/mykamiss.com\/index.php?rest_route=\/wp\/v2\/types\/product"}],"replies":[{"embeddable":true,"href":"https:\/\/mykamiss.com\/index.php?rest_route=%2Fwp%2Fv2%2Fcomments&post=15358"}],"wp:featuredmedia":[{"embeddable":true,"href":"https:\/\/mykamiss.com\/index.php?rest_route=\/wp\/v2\/media\/15282"}],"wp:attachment":[{"href":"https:\/\/mykamiss.com\/index.php?rest_route=%2Fwp%2Fv2%2Fmedia&parent=15358"}],"wp:term":[{"taxonomy":"product_brand","embeddable":true,"href":"https:\/\/mykamiss.com\/index.php?rest_route=%2Fwp%2Fv2%2Fproduct_brand&post=15358"},{"taxonomy":"product_cat","embeddable":true,"href":"https:\/\/mykamiss.com\/index.php?rest_route=%2Fwp%2Fv2%2Fproduct_cat&post=15358"},{"taxonomy":"product_tag","embeddable":true,"href":"https:\/\/mykamiss.com\/index.php?rest_route=%2Fwp%2Fv2%2Fproduct_tag&post=15358"}],"curies":[{"name":"wp","href":"https:\/\/api.w.org\/{rel}","templated":true}]}}