{"id":15384,"date":"2024-05-09T14:07:41","date_gmt":"2024-05-09T14:07:41","guid":{"rendered":"https:\/\/mykamiss.com\/?post_type=product&#038;p=15384"},"modified":"2024-05-09T14:07:42","modified_gmt":"2024-05-09T14:07:42","slug":"chemise-en-lin-a-manches-courtes-couleur-contrastee-decontractee-fine-polyvalente-ample-mks2790","status":"publish","type":"product","link":"https:\/\/mykamiss.com\/?product=chemise-en-lin-a-manches-courtes-couleur-contrastee-decontractee-fine-polyvalente-ample-mks2790","title":{"rendered":"Chemise en lin \u00e0 manches courtes , couleur contrast\u00e9e, d\u00e9contract\u00e9e, fine, polyvalente, ample, MKS2790"},"content":{"rendered":"","protected":false},"excerpt":{"rendered":"","protected":false},"featured_media":15283,"comment_status":"open","ping_status":"closed","template":"","meta":{"_acf_changed":false},"product_brand":[],"product_cat":[45,18],"product_tag":[],"class_list":{"0":"post-15384","1":"product","2":"type-product","3":"status-publish","4":"has-post-thumbnail","6":"product_cat-chemises-hommes","7":"product_cat-mks-homme","9":"first","10":"instock","11":"shipping-taxable","12":"purchasable","13":"product-type-variable"},"acf":[],"jetpack_sharing_enabled":true,"_links":{"self":[{"href":"https:\/\/mykamiss.com\/index.php?rest_route=\/wp\/v2\/product\/15384","targetHints":{"allow":["GET"]}}],"collection":[{"href":"https:\/\/mykamiss.com\/index.php?rest_route=\/wp\/v2\/product"}],"about":[{"href":"https:\/\/mykamiss.com\/index.php?rest_route=\/wp\/v2\/types\/product"}],"replies":[{"embeddable":true,"href":"https:\/\/mykamiss.com\/index.php?rest_route=%2Fwp%2Fv2%2Fcomments&post=15384"}],"wp:featuredmedia":[{"embeddable":true,"href":"https:\/\/mykamiss.com\/index.php?rest_route=\/wp\/v2\/media\/15283"}],"wp:attachment":[{"href":"https:\/\/mykamiss.com\/index.php?rest_route=%2Fwp%2Fv2%2Fmedia&parent=15384"}],"wp:term":[{"taxonomy":"product_brand","embeddable":true,"href":"https:\/\/mykamiss.com\/index.php?rest_route=%2Fwp%2Fv2%2Fproduct_brand&post=15384"},{"taxonomy":"product_cat","embeddable":true,"href":"https:\/\/mykamiss.com\/index.php?rest_route=%2Fwp%2Fv2%2Fproduct_cat&post=15384"},{"taxonomy":"product_tag","embeddable":true,"href":"https:\/\/mykamiss.com\/index.php?rest_route=%2Fwp%2Fv2%2Fproduct_tag&post=15384"}],"curies":[{"name":"wp","href":"https:\/\/api.w.org\/{rel}","templated":true}]}}