{"id":15841,"date":"2024-06-24T13:07:57","date_gmt":"2024-06-24T13:07:57","guid":{"rendered":"https:\/\/mykamiss.com\/?post_type=product&#038;p=15841"},"modified":"2024-08-05T01:49:06","modified_gmt":"2024-08-05T01:49:06","slug":"mksac-a-main-salima-by-nk-original-design-couleur-rose-bleu-violet-mks24061","status":"publish","type":"product","link":"https:\/\/mykamiss.com\/?product=mksac-a-main-salima-by-nk-original-design-couleur-rose-bleu-violet-mks24061","title":{"rendered":"MK&rsquo;SAC \u00e0 main SALIMA  by NK original design couleur Noir &#8211; Blanc MKS24061"},"content":{"rendered":"<p><span style=\"vertical-align: inherit;\"><span style=\"vertical-align: inherit;\">Le sac \u00e0 main Salima se distingue par son design original en patchwork de tissu Bogolan, une \u00e9toffe traditionnelle africaine. Chaque sac est une pi\u00e8ce unique, combinant divers motifs et couleurs pour un look vibrant et authentique.<\/span><\/span><\/p>\n","protected":false},"excerpt":{"rendered":"<p>Le sac \u00e0 main Salima se distingue par son design original en patchwork de tissu Bogolan, une \u00e9toffe traditionnelle africaine. Chaque sac est une pi\u00e8ce unique, combinant divers motifs et couleurs pour un look vibrant et authentique.<\/p>\n","protected":false},"featured_media":15826,"comment_status":"open","ping_status":"closed","template":"","meta":{"_acf_changed":false},"product_brand":[],"product_cat":[627,19],"product_tag":[],"class_list":{"0":"post-15841","1":"product","2":"type-product","3":"status-publish","4":"has-post-thumbnail","6":"product_cat-mks-sac","7":"product_cat-mkswomanqueens","9":"first","10":"instock","11":"shipping-taxable","12":"purchasable","13":"product-type-variable"},"acf":[],"jetpack_sharing_enabled":true,"_links":{"self":[{"href":"https:\/\/mykamiss.com\/index.php?rest_route=\/wp\/v2\/product\/15841","targetHints":{"allow":["GET"]}}],"collection":[{"href":"https:\/\/mykamiss.com\/index.php?rest_route=\/wp\/v2\/product"}],"about":[{"href":"https:\/\/mykamiss.com\/index.php?rest_route=\/wp\/v2\/types\/product"}],"replies":[{"embeddable":true,"href":"https:\/\/mykamiss.com\/index.php?rest_route=%2Fwp%2Fv2%2Fcomments&post=15841"}],"wp:featuredmedia":[{"embeddable":true,"href":"https:\/\/mykamiss.com\/index.php?rest_route=\/wp\/v2\/media\/15826"}],"wp:attachment":[{"href":"https:\/\/mykamiss.com\/index.php?rest_route=%2Fwp%2Fv2%2Fmedia&parent=15841"}],"wp:term":[{"taxonomy":"product_brand","embeddable":true,"href":"https:\/\/mykamiss.com\/index.php?rest_route=%2Fwp%2Fv2%2Fproduct_brand&post=15841"},{"taxonomy":"product_cat","embeddable":true,"href":"https:\/\/mykamiss.com\/index.php?rest_route=%2Fwp%2Fv2%2Fproduct_cat&post=15841"},{"taxonomy":"product_tag","embeddable":true,"href":"https:\/\/mykamiss.com\/index.php?rest_route=%2Fwp%2Fv2%2Fproduct_tag&post=15841"}],"curies":[{"name":"wp","href":"https:\/\/api.w.org\/{rel}","templated":true}]}}