{"id":15918,"date":"2024-06-26T20:01:53","date_gmt":"2024-06-26T20:01:53","guid":{"rendered":"https:\/\/mykamiss.com\/?post_type=product&#038;p=15918"},"modified":"2024-08-05T01:46:14","modified_gmt":"2024-08-05T01:46:14","slug":"mksacoche-homme-makura-by-nk-couleur-marron-mks26061","status":"publish","type":"product","link":"https:\/\/mykamiss.com\/?product=mksacoche-homme-makura-by-nk-couleur-marron-mks26061","title":{"rendered":"MK&rsquo;Sacoche Homme Makura by NK Couleur Marron MKS26061"},"content":{"rendered":"<ul>\n<li>Style unique gr\u00e2ce au patchwork bogolan, garantissant une apparence \u00e0 la fois \u00e9l\u00e9gante et authentique<\/li>\n<li>Pratique avec ses multiples compartiments pour ranger vos essentiels comme le t\u00e9l\u00e9phone, le portefeuille, les cl\u00e9s, et<\/li>\n<\/ul>\n","protected":false},"excerpt":{"rendered":"<p>Style unique gr\u00e2ce au patchwork bogolan, garantissant une apparence \u00e0 la fois \u00e9l\u00e9gante et authentique Pratique avec ses multiples compartiments pour ranger vos essentiels comme le t\u00e9l\u00e9phone, le portefeuille, les cl\u00e9s, et<\/p>\n","protected":false},"featured_media":15903,"comment_status":"open","ping_status":"closed","template":"","meta":{"_acf_changed":false},"product_brand":[],"product_cat":[18,627],"product_tag":[],"class_list":{"0":"post-15918","1":"product","2":"type-product","3":"status-publish","4":"has-post-thumbnail","6":"product_cat-mks-homme","7":"product_cat-mks-sac","9":"first","10":"instock","11":"shipping-taxable","12":"purchasable","13":"product-type-variable"},"acf":[],"jetpack_sharing_enabled":true,"_links":{"self":[{"href":"https:\/\/mykamiss.com\/index.php?rest_route=\/wp\/v2\/product\/15918","targetHints":{"allow":["GET"]}}],"collection":[{"href":"https:\/\/mykamiss.com\/index.php?rest_route=\/wp\/v2\/product"}],"about":[{"href":"https:\/\/mykamiss.com\/index.php?rest_route=\/wp\/v2\/types\/product"}],"replies":[{"embeddable":true,"href":"https:\/\/mykamiss.com\/index.php?rest_route=%2Fwp%2Fv2%2Fcomments&post=15918"}],"wp:featuredmedia":[{"embeddable":true,"href":"https:\/\/mykamiss.com\/index.php?rest_route=\/wp\/v2\/media\/15903"}],"wp:attachment":[{"href":"https:\/\/mykamiss.com\/index.php?rest_route=%2Fwp%2Fv2%2Fmedia&parent=15918"}],"wp:term":[{"taxonomy":"product_brand","embeddable":true,"href":"https:\/\/mykamiss.com\/index.php?rest_route=%2Fwp%2Fv2%2Fproduct_brand&post=15918"},{"taxonomy":"product_cat","embeddable":true,"href":"https:\/\/mykamiss.com\/index.php?rest_route=%2Fwp%2Fv2%2Fproduct_cat&post=15918"},{"taxonomy":"product_tag","embeddable":true,"href":"https:\/\/mykamiss.com\/index.php?rest_route=%2Fwp%2Fv2%2Fproduct_tag&post=15918"}],"curies":[{"name":"wp","href":"https:\/\/api.w.org\/{rel}","templated":true}]}}