{"id":16109,"date":"2024-07-19T19:25:06","date_gmt":"2024-07-19T19:25:06","guid":{"rendered":"https:\/\/mykamiss.com\/?post_type=product&#038;p=16109"},"modified":"2024-07-27T15:12:32","modified_gmt":"2024-07-27T15:12:32","slug":"mksac-coumba-en-orignal-bogolan-by-nk-marron-mks19073","status":"publish","type":"product","link":"https:\/\/mykamiss.com\/?product=mksac-coumba-en-orignal-bogolan-by-nk-marron-mks19073","title":{"rendered":"MK&rsquo;Sac coumba en orignal Bogolan by NK Marron MKS19073"},"content":{"rendered":"<p>Design \u00e9l\u00e9gant et polyvalent le patchwork Bogolan, avec ses motifs et couleurs uniques, fait de ce sac un accessoire parfait pour toutes les occasions. Il compl\u00e8te aussi bien les tenues d\u00e9contract\u00e9es que les looks plus formels, ajoutant une touche de culture et de style \u00e0 votre ensemble.<\/p>\n","protected":false},"excerpt":{"rendered":"<p>Design \u00e9l\u00e9gant et polyvalent le patchwork Bogolan, avec ses motifs et couleurs uniques, fait de ce sac un accessoire parfait pour toutes les occasions. Il compl\u00e8te aussi bien les tenues d\u00e9contract\u00e9es que les looks plus formels, ajoutant une touche de culture et de style \u00e0 votre ensemble.<\/p>\n","protected":false},"featured_media":16076,"comment_status":"open","ping_status":"closed","template":"","meta":{"_acf_changed":false},"product_brand":[],"product_cat":[627,19],"product_tag":[],"class_list":{"0":"post-16109","1":"product","2":"type-product","3":"status-publish","4":"has-post-thumbnail","6":"product_cat-mks-sac","7":"product_cat-mkswomanqueens","9":"first","10":"instock","11":"shipping-taxable","12":"purchasable","13":"product-type-variable"},"acf":[],"jetpack_sharing_enabled":true,"_links":{"self":[{"href":"https:\/\/mykamiss.com\/index.php?rest_route=\/wp\/v2\/product\/16109","targetHints":{"allow":["GET"]}}],"collection":[{"href":"https:\/\/mykamiss.com\/index.php?rest_route=\/wp\/v2\/product"}],"about":[{"href":"https:\/\/mykamiss.com\/index.php?rest_route=\/wp\/v2\/types\/product"}],"replies":[{"embeddable":true,"href":"https:\/\/mykamiss.com\/index.php?rest_route=%2Fwp%2Fv2%2Fcomments&post=16109"}],"wp:featuredmedia":[{"embeddable":true,"href":"https:\/\/mykamiss.com\/index.php?rest_route=\/wp\/v2\/media\/16076"}],"wp:attachment":[{"href":"https:\/\/mykamiss.com\/index.php?rest_route=%2Fwp%2Fv2%2Fmedia&parent=16109"}],"wp:term":[{"taxonomy":"product_brand","embeddable":true,"href":"https:\/\/mykamiss.com\/index.php?rest_route=%2Fwp%2Fv2%2Fproduct_brand&post=16109"},{"taxonomy":"product_cat","embeddable":true,"href":"https:\/\/mykamiss.com\/index.php?rest_route=%2Fwp%2Fv2%2Fproduct_cat&post=16109"},{"taxonomy":"product_tag","embeddable":true,"href":"https:\/\/mykamiss.com\/index.php?rest_route=%2Fwp%2Fv2%2Fproduct_tag&post=16109"}],"curies":[{"name":"wp","href":"https:\/\/api.w.org\/{rel}","templated":true}]}}