{"id":16264,"date":"2024-07-21T19:45:04","date_gmt":"2024-07-21T19:45:04","guid":{"rendered":"https:\/\/mykamiss.com\/?post_type=product&#038;p=16264"},"modified":"2024-08-05T01:58:52","modified_gmt":"2024-08-05T01:58:52","slug":"mksac-dordinateur-bocar-couleur-orange-rouge-mks21073","status":"publish","type":"product","link":"https:\/\/mykamiss.com\/?product=mksac-dordinateur-bocar-couleur-orange-rouge-mks21073","title":{"rendered":"MK&rsquo;Sac d&rsquo;ordinateur Bocar couleur Orange rouge MKS21073"},"content":{"rendered":"<p>Le sac d\u2019ordinateur Bocar combine l\u2019\u00e9l\u00e9gance de la tradition africaine avec une fonctionnalit\u00e9 moderne. Fabriqu\u00e9 \u00e0 partir de Bogolan authentique, ce sac unique apporte une touche de sophistication culturelle \u00e0 votre quotidien professionnel.<\/p>\n","protected":false},"excerpt":{"rendered":"<p>Le sac d\u2019ordinateur Bocar combine l\u2019\u00e9l\u00e9gance de la tradition africaine avec une fonctionnalit\u00e9 moderne. Fabriqu\u00e9 \u00e0 partir de Bogolan authentique, ce sac unique apporte une touche de sophistication culturelle \u00e0 votre quotidien professionnel.<\/p>\n","protected":false},"featured_media":16041,"comment_status":"open","ping_status":"closed","template":"","meta":{"_acf_changed":false},"product_brand":[],"product_cat":[18,627,19],"product_tag":[],"class_list":{"0":"post-16264","1":"product","2":"type-product","3":"status-publish","4":"has-post-thumbnail","6":"product_cat-mks-homme","7":"product_cat-mks-sac","8":"product_cat-mkswomanqueens","10":"first","11":"instock","12":"shipping-taxable","13":"purchasable","14":"product-type-variable"},"acf":[],"jetpack_sharing_enabled":true,"_links":{"self":[{"href":"https:\/\/mykamiss.com\/index.php?rest_route=\/wp\/v2\/product\/16264","targetHints":{"allow":["GET"]}}],"collection":[{"href":"https:\/\/mykamiss.com\/index.php?rest_route=\/wp\/v2\/product"}],"about":[{"href":"https:\/\/mykamiss.com\/index.php?rest_route=\/wp\/v2\/types\/product"}],"replies":[{"embeddable":true,"href":"https:\/\/mykamiss.com\/index.php?rest_route=%2Fwp%2Fv2%2Fcomments&post=16264"}],"wp:featuredmedia":[{"embeddable":true,"href":"https:\/\/mykamiss.com\/index.php?rest_route=\/wp\/v2\/media\/16041"}],"wp:attachment":[{"href":"https:\/\/mykamiss.com\/index.php?rest_route=%2Fwp%2Fv2%2Fmedia&parent=16264"}],"wp:term":[{"taxonomy":"product_brand","embeddable":true,"href":"https:\/\/mykamiss.com\/index.php?rest_route=%2Fwp%2Fv2%2Fproduct_brand&post=16264"},{"taxonomy":"product_cat","embeddable":true,"href":"https:\/\/mykamiss.com\/index.php?rest_route=%2Fwp%2Fv2%2Fproduct_cat&post=16264"},{"taxonomy":"product_tag","embeddable":true,"href":"https:\/\/mykamiss.com\/index.php?rest_route=%2Fwp%2Fv2%2Fproduct_tag&post=16264"}],"curies":[{"name":"wp","href":"https:\/\/api.w.org\/{rel}","templated":true}]}}