{"id":18318,"date":"2025-04-16T01:43:19","date_gmt":"2025-04-16T01:43:19","guid":{"rendered":"https:\/\/mykamiss.com\/?post_type=product&#038;p=18318"},"modified":"2025-04-16T02:01:37","modified_gmt":"2025-04-16T02:01:37","slug":"chemise-a-manches-longues-a-rayures-pour-homme-fine-decontractee-a-col-carre-ample-mks6992","status":"publish","type":"product","link":"https:\/\/mykamiss.com\/?product=chemise-a-manches-longues-a-rayures-pour-homme-fine-decontractee-a-col-carre-ample-mks6992","title":{"rendered":"Chemise \u00e0 manches longues \u00e0 rayures  pour homme, fine d\u00e9contract\u00e9e \u00e0 col carr\u00e9, ample MKS6992"},"content":{"rendered":"<p><!-- attributes div start --><\/p>\n<ul class=\"attributes-list\">\n<li title=\"manches longues\"><span style=\"vertical-align: inherit;\"><span style=\"vertical-align: inherit;\">Longueur des manches: manches longues<\/span><\/span><\/li>\n<li title=\"100% Coton\"><span style=\"vertical-align: inherit;\"><span style=\"vertical-align: inherit;\">Composition du mat\u00e9riau : 100 % coton<\/span><\/span><\/li>\n<\/ul>\n<p>\u00a0<\/p>\n<p>\u00a0<\/p>\n<p>\u00a0<\/p>\n<p><img data-recalc-dims=\"1\" decoding=\"async\" src=\"https:\/\/i0.wp.com\/mykamiss.com\/wp-content\/uploads\/2023\/09\/O1CN01P00Rxn1POdtcqrP5k_628311831.webp?w=720&ssl=1\" alt=\"ind\u00e9fini\" \/><\/p>\n<p><img data-recalc-dims=\"1\" decoding=\"async\" src=\"https:\/\/i0.wp.com\/mykamiss.com\/wp-content\/uploads\/2023\/09\/O1CN01JnCkhv1POdtdasoxJ_628311831.webp?w=720&ssl=1\" alt=\"ind\u00e9fini\" \/><\/p>\n<p><img data-recalc-dims=\"1\" decoding=\"async\" src=\"https:\/\/i0.wp.com\/mykamiss.com\/wp-content\/uploads\/2023\/09\/O1CN01Ct6wN71POdtYjGJYG_628311831.webp?w=720&ssl=1\" alt=\"ind\u00e9fini\" \/><\/p>\n<p><img data-recalc-dims=\"1\" decoding=\"async\" src=\"https:\/\/i0.wp.com\/mykamiss.com\/wp-content\/uploads\/2023\/09\/O1CN01PuiPnV1POdtcqsbw4_628311831.webp?w=720&ssl=1\" alt=\"ind\u00e9fini\" \/><\/p>\n<p><img data-recalc-dims=\"1\" decoding=\"async\" src=\"https:\/\/i0.wp.com\/mykamiss.com\/wp-content\/uploads\/2023\/09\/O1CN01Xb9vEr1POdtcqt0su_628311831.webp?w=720&ssl=1\" alt=\"ind\u00e9fini\" \/><\/p>\n<div>\n<div style=\"color: white;\">.<\/div>\n<\/div>\n","protected":false},"excerpt":{"rendered":"<p>Longueur des manches: manches longues Composition du mat\u00e9riau : 100 % coton \u00a0 \u00a0 \u00a0 .<\/p>\n","protected":false},"featured_media":18329,"comment_status":"open","ping_status":"closed","template":"","meta":{"_acf_changed":false},"product_brand":[],"product_cat":[45,18],"product_tag":[],"class_list":{"0":"post-18318","1":"product","2":"type-product","3":"status-publish","4":"has-post-thumbnail","6":"product_cat-chemises-hommes","7":"product_cat-mks-homme","9":"first","10":"instock","11":"shipping-taxable","12":"purchasable","13":"product-type-variable"},"acf":[],"jetpack_sharing_enabled":true,"_links":{"self":[{"href":"https:\/\/mykamiss.com\/index.php?rest_route=\/wp\/v2\/product\/18318","targetHints":{"allow":["GET"]}}],"collection":[{"href":"https:\/\/mykamiss.com\/index.php?rest_route=\/wp\/v2\/product"}],"about":[{"href":"https:\/\/mykamiss.com\/index.php?rest_route=\/wp\/v2\/types\/product"}],"replies":[{"embeddable":true,"href":"https:\/\/mykamiss.com\/index.php?rest_route=%2Fwp%2Fv2%2Fcomments&post=18318"}],"wp:featuredmedia":[{"embeddable":true,"href":"https:\/\/mykamiss.com\/index.php?rest_route=\/wp\/v2\/media\/18329"}],"wp:attachment":[{"href":"https:\/\/mykamiss.com\/index.php?rest_route=%2Fwp%2Fv2%2Fmedia&parent=18318"}],"wp:term":[{"taxonomy":"product_brand","embeddable":true,"href":"https:\/\/mykamiss.com\/index.php?rest_route=%2Fwp%2Fv2%2Fproduct_brand&post=18318"},{"taxonomy":"product_cat","embeddable":true,"href":"https:\/\/mykamiss.com\/index.php?rest_route=%2Fwp%2Fv2%2Fproduct_cat&post=18318"},{"taxonomy":"product_tag","embeddable":true,"href":"https:\/\/mykamiss.com\/index.php?rest_route=%2Fwp%2Fv2%2Fproduct_tag&post=18318"}],"curies":[{"name":"wp","href":"https:\/\/api.w.org\/{rel}","templated":true}]}}