{"id":18357,"date":"2025-04-16T02:22:53","date_gmt":"2025-04-16T02:22:53","guid":{"rendered":"https:\/\/mykamiss.com\/?post_type=product&#038;p=18357"},"modified":"2025-04-16T02:26:15","modified_gmt":"2025-04-16T02:26:15","slug":"chemise-imprime-a-manches-longues-hommes-mode-epissage-polyvalent-decontracte-haut-ample-mks6799-2","status":"publish","type":"product","link":"https:\/\/mykamiss.com\/?product=chemise-imprime-a-manches-longues-hommes-mode-epissage-polyvalent-decontracte-haut-ample-mks6799-2","title":{"rendered":"chemise imprim\u00e9 \u00e0 manches longues hommes mode \u00e9pissage polyvalent d\u00e9contract\u00e9 haut ample MKS6799"},"content":{"rendered":"","protected":false},"excerpt":{"rendered":"","protected":false},"featured_media":16451,"comment_status":"open","ping_status":"closed","template":"","meta":{"_acf_changed":false},"product_brand":[],"product_cat":[45,18],"product_tag":[],"class_list":{"0":"post-18357","1":"product","2":"type-product","3":"status-publish","4":"has-post-thumbnail","6":"product_cat-chemises-hommes","7":"product_cat-mks-homme","9":"first","10":"instock","11":"shipping-taxable","12":"purchasable","13":"product-type-variable"},"acf":[],"jetpack_sharing_enabled":true,"_links":{"self":[{"href":"https:\/\/mykamiss.com\/index.php?rest_route=\/wp\/v2\/product\/18357","targetHints":{"allow":["GET"]}}],"collection":[{"href":"https:\/\/mykamiss.com\/index.php?rest_route=\/wp\/v2\/product"}],"about":[{"href":"https:\/\/mykamiss.com\/index.php?rest_route=\/wp\/v2\/types\/product"}],"replies":[{"embeddable":true,"href":"https:\/\/mykamiss.com\/index.php?rest_route=%2Fwp%2Fv2%2Fcomments&post=18357"}],"wp:featuredmedia":[{"embeddable":true,"href":"https:\/\/mykamiss.com\/index.php?rest_route=\/wp\/v2\/media\/16451"}],"wp:attachment":[{"href":"https:\/\/mykamiss.com\/index.php?rest_route=%2Fwp%2Fv2%2Fmedia&parent=18357"}],"wp:term":[{"taxonomy":"product_brand","embeddable":true,"href":"https:\/\/mykamiss.com\/index.php?rest_route=%2Fwp%2Fv2%2Fproduct_brand&post=18357"},{"taxonomy":"product_cat","embeddable":true,"href":"https:\/\/mykamiss.com\/index.php?rest_route=%2Fwp%2Fv2%2Fproduct_cat&post=18357"},{"taxonomy":"product_tag","embeddable":true,"href":"https:\/\/mykamiss.com\/index.php?rest_route=%2Fwp%2Fv2%2Fproduct_tag&post=18357"}],"curies":[{"name":"wp","href":"https:\/\/api.w.org\/{rel}","templated":true}]}}