{"id":18974,"date":"2025-08-21T22:00:01","date_gmt":"2025-08-21T22:00:01","guid":{"rendered":"https:\/\/mykamiss.com\/produit\/chemise-a-manches-courtes-pour-hommes-a-la-mode-et-polyvalente-coton-amples-decontractes-et-artistiques-mks8053\/"},"modified":"2025-08-22T01:01:00","modified_gmt":"2025-08-22T01:01:00","slug":"chemise-a-manches-courtes-pour-hommes-a-la-mode-et-polyvalente-coton-amples-decontractes-et-artistiques-mks8053","status":"publish","type":"product","link":"https:\/\/mykamiss.com\/?product=chemise-a-manches-courtes-pour-hommes-a-la-mode-et-polyvalente-coton-amples-decontractes-et-artistiques-mks8053","title":{"rendered":"chemise \u00e0 manches courtes pour hommes, \u00e0 la mode et polyvalente, coton amples d\u00e9contract\u00e9s et artistiques, MKS8053"},"content":{"rendered":"<p><img decoding=\"async\" class=\"descV8-singleImage-image lazyload\" style=\"width: 750px;\" src=\"https:\/\/img.alicdn.com\/imgextra\/i3\/279248768\/O1CN01H1OtIy2EdneyZLsLy_!!279248768.jpg\" data-src=\"https:\/\/img.alicdn.com\/imgextra\/i3\/279248768\/O1CN01H1OtIy2EdneyZLsLy_!!279248768.jpg\" data-name=\"singleImage\" \/><\/p>\n<div class=\"descV8-singleImage\"><\/div>\n<div class=\"descV8-singleImage\"><\/div>\n<div class=\"descV8-singleImage\"><\/div>\n<div class=\"descV8-singleImage\"><\/div>\n<div class=\"descV8-singleImage\"><\/div>\n<div class=\"descV8-singleImage\">\n<p><img decoding=\"async\" class=\"descV8-singleImage-image lazyload\" style=\"width: 750px;\" src=\"https:\/\/img.alicdn.com\/imgextra\/i1\/279248768\/O1CN01GfCbPZ2EdnfAVpmQC_!!279248768.jpg\" data-src=\"https:\/\/img.alicdn.com\/imgextra\/i1\/279248768\/O1CN01GfCbPZ2EdnfAVpmQC_!!279248768.jpg\" data-name=\"singleImage\" \/><\/p>\n<\/div>\n<div class=\"descV8-singleImage\"><\/div>\n","protected":false},"excerpt":{"rendered":"","protected":false},"featured_media":18987,"comment_status":"open","ping_status":"closed","template":"","meta":{"_acf_changed":false},"product_brand":[],"product_cat":[45,18],"product_tag":[],"class_list":{"0":"post-18974","1":"product","2":"type-product","3":"status-publish","4":"has-post-thumbnail","6":"product_cat-chemises-hommes","7":"product_cat-mks-homme","9":"first","10":"instock","11":"shipping-taxable","12":"purchasable","13":"product-type-variable"},"acf":[],"jetpack_sharing_enabled":true,"_links":{"self":[{"href":"https:\/\/mykamiss.com\/index.php?rest_route=\/wp\/v2\/product\/18974","targetHints":{"allow":["GET"]}}],"collection":[{"href":"https:\/\/mykamiss.com\/index.php?rest_route=\/wp\/v2\/product"}],"about":[{"href":"https:\/\/mykamiss.com\/index.php?rest_route=\/wp\/v2\/types\/product"}],"replies":[{"embeddable":true,"href":"https:\/\/mykamiss.com\/index.php?rest_route=%2Fwp%2Fv2%2Fcomments&post=18974"}],"wp:featuredmedia":[{"embeddable":true,"href":"https:\/\/mykamiss.com\/index.php?rest_route=\/wp\/v2\/media\/18987"}],"wp:attachment":[{"href":"https:\/\/mykamiss.com\/index.php?rest_route=%2Fwp%2Fv2%2Fmedia&parent=18974"}],"wp:term":[{"taxonomy":"product_brand","embeddable":true,"href":"https:\/\/mykamiss.com\/index.php?rest_route=%2Fwp%2Fv2%2Fproduct_brand&post=18974"},{"taxonomy":"product_cat","embeddable":true,"href":"https:\/\/mykamiss.com\/index.php?rest_route=%2Fwp%2Fv2%2Fproduct_cat&post=18974"},{"taxonomy":"product_tag","embeddable":true,"href":"https:\/\/mykamiss.com\/index.php?rest_route=%2Fwp%2Fv2%2Fproduct_tag&post=18974"}],"curies":[{"name":"wp","href":"https:\/\/api.w.org\/{rel}","templated":true}]}}