{"id":19466,"date":"2025-11-04T23:56:22","date_gmt":"2025-11-04T23:56:22","guid":{"rendered":"https:\/\/mykamiss.com\/produit\/chemise-dete-a-manches-courtes-pour-hommes-patchwork-respirante-en-pur-lin-tendance-ample-decontractee\/"},"modified":"2025-11-04T23:56:42","modified_gmt":"2025-11-04T23:56:42","slug":"chemise-dete-a-manches-courtes-pour-hommes-patchwork-respirante-en-pur-lin-tendance-ample-decontractee","status":"publish","type":"product","link":"https:\/\/mykamiss.com\/?product=chemise-dete-a-manches-courtes-pour-hommes-patchwork-respirante-en-pur-lin-tendance-ample-decontractee","title":{"rendered":"Chemise d&rsquo;\u00e9t\u00e9 \u00e0 manches courtes pour hommes, patchwork respirante, en pur lin, tendance, ample, d\u00e9contract\u00e9e"},"content":{"rendered":"<p>undefined<\/p>\n<div class=\"descV8-richtext\" data-layoutid=\"desc_richtext_pc\">\n<div style=\"width: 790.0px\">\u00a0 \u00a0\u00a0<img decoding=\"async\" class=\"lazyload richtext-lazyload\" style=\"width: 100.0%;height: auto\" src=\"https:\/\/cbu01.alicdn.com\/img\/ibank\/O1CN01wgMyWV272yNZzdDps_!!3867597740-0-cib.jpg\" usemap=\"#_sdmap_4\" data-src=\"https:\/\/cbu01.alicdn.com\/img\/ibank\/O1CN01wgMyWV272yNZzdDps_!!3867597740-0-cib.jpg\" \/> \u00a0\u00a0<img decoding=\"async\" class=\"lazyload richtext-lazyload\" style=\"width: 100.0%;height: auto\" src=\"https:\/\/cbu01.alicdn.com\/img\/ibank\/O1CN01K5j3BI272yNgN3FUX_!!3867597740-0-cib.jpg\" usemap=\"#_sdmap_7\" data-src=\"https:\/\/cbu01.alicdn.com\/img\/ibank\/O1CN01K5j3BI272yNgN3FUX_!!3867597740-0-cib.jpg\" \/> \u00a0<img decoding=\"async\" class=\"lazyload richtext-lazyload\" style=\"width: 100.0%;height: auto\" src=\"https:\/\/cbu01.alicdn.com\/img\/ibank\/O1CN01wGKJA8272yNaLti7a_!!3867597740-0-cib.jpg\" usemap=\"#_sdmap_9\" data-src=\"https:\/\/cbu01.alicdn.com\/img\/ibank\/O1CN01wGKJA8272yNaLti7a_!!3867597740-0-cib.jpg\" \/>\u00a0<\/div>\n<\/div>\n<div class=\"descV8-singleImage\">\n<p>\u00a0<\/p>\n<\/div>\n","protected":false},"excerpt":{"rendered":"<p>undefined \u00a0 \u00a0\u00a0 \u00a0\u00a0 \u00a0\u00a0 \u00a0<\/p>\n","protected":false},"featured_media":19467,"comment_status":"open","ping_status":"closed","template":"","meta":{"_acf_changed":false},"product_brand":[],"product_cat":[45,18],"product_tag":[],"class_list":{"0":"post-19466","1":"product","2":"type-product","3":"status-publish","4":"has-post-thumbnail","6":"product_cat-chemises-hommes","7":"product_cat-mks-homme","9":"first","10":"instock","11":"shipping-taxable","12":"purchasable","13":"product-type-variable"},"acf":[],"jetpack_sharing_enabled":true,"_links":{"self":[{"href":"https:\/\/mykamiss.com\/index.php?rest_route=\/wp\/v2\/product\/19466","targetHints":{"allow":["GET"]}}],"collection":[{"href":"https:\/\/mykamiss.com\/index.php?rest_route=\/wp\/v2\/product"}],"about":[{"href":"https:\/\/mykamiss.com\/index.php?rest_route=\/wp\/v2\/types\/product"}],"replies":[{"embeddable":true,"href":"https:\/\/mykamiss.com\/index.php?rest_route=%2Fwp%2Fv2%2Fcomments&post=19466"}],"wp:featuredmedia":[{"embeddable":true,"href":"https:\/\/mykamiss.com\/index.php?rest_route=\/wp\/v2\/media\/19467"}],"wp:attachment":[{"href":"https:\/\/mykamiss.com\/index.php?rest_route=%2Fwp%2Fv2%2Fmedia&parent=19466"}],"wp:term":[{"taxonomy":"product_brand","embeddable":true,"href":"https:\/\/mykamiss.com\/index.php?rest_route=%2Fwp%2Fv2%2Fproduct_brand&post=19466"},{"taxonomy":"product_cat","embeddable":true,"href":"https:\/\/mykamiss.com\/index.php?rest_route=%2Fwp%2Fv2%2Fproduct_cat&post=19466"},{"taxonomy":"product_tag","embeddable":true,"href":"https:\/\/mykamiss.com\/index.php?rest_route=%2Fwp%2Fv2%2Fproduct_tag&post=19466"}],"curies":[{"name":"wp","href":"https:\/\/api.w.org\/{rel}","templated":true}]}}