{"id":20068,"date":"2026-04-05T01:44:37","date_gmt":"2026-04-05T01:44:37","guid":{"rendered":"https:\/\/mykamiss.com\/?post_type=product&#038;p=20068"},"modified":"2026-04-30T13:02:57","modified_gmt":"2026-04-30T13:02:57","slug":"chemises-pour-hommes-tendance-decontractees-amples-et-confortables-aux-couleurs-contrastees-mks353-copie","status":"publish","type":"product","link":"https:\/\/mykamiss.com\/?product=chemises-pour-hommes-tendance-decontractees-amples-et-confortables-aux-couleurs-contrastees-mks353-copie","title":{"rendered":"chemises pour hommes tendance, d\u00e9contract\u00e9es, amples et confortables, aux couleurs contrast\u00e9es MKS353"},"content":{"rendered":"","protected":false},"excerpt":{"rendered":"","protected":false},"featured_media":16809,"comment_status":"open","ping_status":"closed","template":"","meta":{"_acf_changed":false},"product_brand":[],"product_cat":[45,18],"product_tag":[],"class_list":{"0":"post-20068","1":"product","2":"type-product","3":"status-publish","4":"has-post-thumbnail","6":"product_cat-chemises-hommes","7":"product_cat-mks-homme","9":"first","10":"instock","11":"shipping-taxable","12":"purchasable","13":"product-type-variable"},"acf":[],"jetpack_sharing_enabled":true,"_links":{"self":[{"href":"https:\/\/mykamiss.com\/index.php?rest_route=\/wp\/v2\/product\/20068","targetHints":{"allow":["GET"]}}],"collection":[{"href":"https:\/\/mykamiss.com\/index.php?rest_route=\/wp\/v2\/product"}],"about":[{"href":"https:\/\/mykamiss.com\/index.php?rest_route=\/wp\/v2\/types\/product"}],"replies":[{"embeddable":true,"href":"https:\/\/mykamiss.com\/index.php?rest_route=%2Fwp%2Fv2%2Fcomments&post=20068"}],"wp:featuredmedia":[{"embeddable":true,"href":"https:\/\/mykamiss.com\/index.php?rest_route=\/wp\/v2\/media\/16809"}],"wp:attachment":[{"href":"https:\/\/mykamiss.com\/index.php?rest_route=%2Fwp%2Fv2%2Fmedia&parent=20068"}],"wp:term":[{"taxonomy":"product_brand","embeddable":true,"href":"https:\/\/mykamiss.com\/index.php?rest_route=%2Fwp%2Fv2%2Fproduct_brand&post=20068"},{"taxonomy":"product_cat","embeddable":true,"href":"https:\/\/mykamiss.com\/index.php?rest_route=%2Fwp%2Fv2%2Fproduct_cat&post=20068"},{"taxonomy":"product_tag","embeddable":true,"href":"https:\/\/mykamiss.com\/index.php?rest_route=%2Fwp%2Fv2%2Fproduct_tag&post=20068"}],"curies":[{"name":"wp","href":"https:\/\/api.w.org\/{rel}","templated":true}]}}