{"id":20140,"date":"2026-04-05T02:19:05","date_gmt":"2026-04-05T02:19:05","guid":{"rendered":"https:\/\/mykamiss.com\/produit\/chemise-manches-courtes-en-lin-pur-avec-design-bicolore-moderne-et-poche-contrastee-legere-et-respirante-ideale-pour-un-look-style-et-confortable-pendant-les-journees-chaudes\/"},"modified":"2026-04-05T04:09:31","modified_gmt":"2026-04-05T04:09:31","slug":"chemise-manches-courtes-en-lin-pur-avec-design-bicolore-moderne-et-poche-contrastee-legere-et-respirante-ideale-pour-un-look-style-et-confortable-pendant-les-journees-chaudes","status":"publish","type":"product","link":"https:\/\/mykamiss.com\/?product=chemise-manches-courtes-en-lin-pur-avec-design-bicolore-moderne-et-poche-contrastee-legere-et-respirante-ideale-pour-un-look-style-et-confortable-pendant-les-journees-chaudes","title":{"rendered":"Chemise manches courtes en lin pur avec design bicolore moderne et poche contrast\u00e9e. L\u00e9g\u00e8re et respirante, id\u00e9ale pour un look styl\u00e9 et confortable pendant les journ\u00e9es chaudes."},"content":{"rendered":"","protected":false},"excerpt":{"rendered":"","protected":false},"featured_media":20141,"comment_status":"open","ping_status":"closed","template":"","meta":{"_acf_changed":false},"product_brand":[],"product_cat":[45,18],"product_tag":[],"class_list":{"0":"post-20140","1":"product","2":"type-product","3":"status-publish","4":"has-post-thumbnail","6":"product_cat-chemises-hommes","7":"product_cat-mks-homme","9":"first","10":"instock","11":"shipping-taxable","12":"purchasable","13":"product-type-variable"},"acf":[],"jetpack_sharing_enabled":true,"_links":{"self":[{"href":"https:\/\/mykamiss.com\/index.php?rest_route=\/wp\/v2\/product\/20140","targetHints":{"allow":["GET"]}}],"collection":[{"href":"https:\/\/mykamiss.com\/index.php?rest_route=\/wp\/v2\/product"}],"about":[{"href":"https:\/\/mykamiss.com\/index.php?rest_route=\/wp\/v2\/types\/product"}],"replies":[{"embeddable":true,"href":"https:\/\/mykamiss.com\/index.php?rest_route=%2Fwp%2Fv2%2Fcomments&post=20140"}],"wp:featuredmedia":[{"embeddable":true,"href":"https:\/\/mykamiss.com\/index.php?rest_route=\/wp\/v2\/media\/20141"}],"wp:attachment":[{"href":"https:\/\/mykamiss.com\/index.php?rest_route=%2Fwp%2Fv2%2Fmedia&parent=20140"}],"wp:term":[{"taxonomy":"product_brand","embeddable":true,"href":"https:\/\/mykamiss.com\/index.php?rest_route=%2Fwp%2Fv2%2Fproduct_brand&post=20140"},{"taxonomy":"product_cat","embeddable":true,"href":"https:\/\/mykamiss.com\/index.php?rest_route=%2Fwp%2Fv2%2Fproduct_cat&post=20140"},{"taxonomy":"product_tag","embeddable":true,"href":"https:\/\/mykamiss.com\/index.php?rest_route=%2Fwp%2Fv2%2Fproduct_tag&post=20140"}],"curies":[{"name":"wp","href":"https:\/\/api.w.org\/{rel}","templated":true}]}}