{"id":243,"date":"2023-10-13T09:57:28","date_gmt":"2023-10-13T09:57:28","guid":{"rendered":"https:\/\/mykamiss.com\/?post_type=product&#038;p=243"},"modified":"2024-03-08T18:12:57","modified_gmt":"2024-03-08T18:12:57","slug":"mks12-chemise-a-manches-longues-brodee-a-rayures-verticales-pour-hommes-printemps-et-ete-en-coton-ample-decontractee","status":"publish","type":"product","link":"https:\/\/mykamiss.com\/?product=mks12-chemise-a-manches-longues-brodee-a-rayures-verticales-pour-hommes-printemps-et-ete-en-coton-ample-decontractee","title":{"rendered":"MKS12 &#8211; Chemise \u00e0 manches longues brod\u00e9e \u00e0 rayures verticales pour hommes printemps et \u00e9t\u00e9 en coton ample d\u00e9contract\u00e9e"},"content":{"rendered":"<p><!-- attributes div start --><\/p>\n<ul class=\"attributes-list\">\n<li title=\"Autre\/autre\"><span style=\"vertical-align: inherit;\"><span style=\"vertical-align: inherit;\">Classification du tissu : COTON<\/span><\/span><\/li>\n<li title=\"Bande\"><span style=\"vertical-align: inherit;\"><span style=\"vertical-align: inherit;\">Motif : rayures<\/span><\/span><\/li>\n<li title=\"manches longues\"><span style=\"vertical-align: inherit;\"><span style=\"vertical-align: inherit;\">Longueur des manches: manches longues<\/span><\/span><\/li>\n<li title=\"Plusieurs poches\"><span style=\"vertical-align: inherit;\"><span style=\"vertical-align: inherit;\">D\u00e9tails du style vestimentaire\u00a0: plusieurs poches<\/span><\/span><\/li>\n<li title=\"100% Coton\"><span style=\"vertical-align: inherit;\"><span style=\"vertical-align: inherit;\">Composition du mat\u00e9riau : 100 % coton<\/span><\/span><\/li>\n<\/ul>\n<p><img data-recalc-dims=\"1\" decoding=\"async\" src=\"https:\/\/i0.wp.com\/mykamiss.com\/wp-content\/uploads\/2023\/09\/O1CN01FMN9Do227U8RUcFeq_2810287073.webp?w=720&ssl=1\" alt=\"undefined\" \/><\/p>\n<p><img data-recalc-dims=\"1\" decoding=\"async\" src=\"https:\/\/i0.wp.com\/mykamiss.com\/wp-content\/uploads\/2023\/09\/O1CN01n5z0FK227U8PTih9v_2810287073.webp?w=720&ssl=1\" alt=\"undefined\" \/><\/p>\n<p><img data-recalc-dims=\"1\" decoding=\"async\" src=\"https:\/\/i0.wp.com\/mykamiss.com\/wp-content\/uploads\/2023\/09\/O1CN01OXMPQR227U8K1ymhu_2810287073.webp?w=720&ssl=1\" alt=\"undefined\" \/><\/p>\n<p><img data-recalc-dims=\"1\" decoding=\"async\" src=\"https:\/\/i0.wp.com\/mykamiss.com\/wp-content\/uploads\/2023\/09\/O1CN01KRlZyA227U8PTjlhL_2810287073.webp?w=720&ssl=1\" alt=\"undefined\" \/><\/p>\n<p><img data-recalc-dims=\"1\" decoding=\"async\" src=\"https:\/\/i0.wp.com\/mykamiss.com\/wp-content\/uploads\/2023\/09\/O1CN014S4IGq227U8SiVdVM_2810287073.webp?w=720&ssl=1\" alt=\"undefined\" \/><\/p>\n<p><img data-recalc-dims=\"1\" decoding=\"async\" src=\"https:\/\/i0.wp.com\/mykamiss.com\/wp-content\/uploads\/2023\/09\/O1CN01XamwBK227U8ATlq5r_2810287073.webp?w=720&ssl=1\" alt=\"undefined\" \/><\/p>\n","protected":false},"excerpt":{"rendered":"<p>Classification du tissu : COTON Motif : rayures Longueur des manches: manches longues D\u00e9tails du style vestimentaire\u00a0: plusieurs poches Composition du mat\u00e9riau : 100 % coton<\/p>\n","protected":false},"featured_media":244,"comment_status":"open","ping_status":"closed","template":"","meta":{"_acf_changed":false},"product_brand":[],"product_cat":[45,18],"product_tag":[],"class_list":{"0":"post-243","1":"product","2":"type-product","3":"status-publish","4":"has-post-thumbnail","6":"product_cat-chemises-hommes","7":"product_cat-mks-homme","9":"first","10":"instock","11":"shipping-taxable","12":"purchasable","13":"product-type-variable"},"acf":[],"jetpack_sharing_enabled":true,"_links":{"self":[{"href":"https:\/\/mykamiss.com\/index.php?rest_route=\/wp\/v2\/product\/243","targetHints":{"allow":["GET"]}}],"collection":[{"href":"https:\/\/mykamiss.com\/index.php?rest_route=\/wp\/v2\/product"}],"about":[{"href":"https:\/\/mykamiss.com\/index.php?rest_route=\/wp\/v2\/types\/product"}],"replies":[{"embeddable":true,"href":"https:\/\/mykamiss.com\/index.php?rest_route=%2Fwp%2Fv2%2Fcomments&post=243"}],"wp:featuredmedia":[{"embeddable":true,"href":"https:\/\/mykamiss.com\/index.php?rest_route=\/wp\/v2\/media\/244"}],"wp:attachment":[{"href":"https:\/\/mykamiss.com\/index.php?rest_route=%2Fwp%2Fv2%2Fmedia&parent=243"}],"wp:term":[{"taxonomy":"product_brand","embeddable":true,"href":"https:\/\/mykamiss.com\/index.php?rest_route=%2Fwp%2Fv2%2Fproduct_brand&post=243"},{"taxonomy":"product_cat","embeddable":true,"href":"https:\/\/mykamiss.com\/index.php?rest_route=%2Fwp%2Fv2%2Fproduct_cat&post=243"},{"taxonomy":"product_tag","embeddable":true,"href":"https:\/\/mykamiss.com\/index.php?rest_route=%2Fwp%2Fv2%2Fproduct_tag&post=243"}],"curies":[{"name":"wp","href":"https:\/\/api.w.org\/{rel}","templated":true}]}}