{"id":2571,"date":"2023-10-19T10:25:32","date_gmt":"2023-10-19T10:25:32","guid":{"rendered":"https:\/\/mykamiss.com\/produit\/pantoufles-en-cuir-veritable-decontractees-en-liege\/"},"modified":"2023-12-11T19:17:10","modified_gmt":"2023-12-11T19:17:10","slug":"pantoufles-en-cuir-veritable-decontractees-en-liege","status":"publish","type":"product","link":"https:\/\/mykamiss.com\/?product=pantoufles-en-cuir-veritable-decontractees-en-liege","title":{"rendered":"Pantoufles en cuir v\u00e9ritable d\u00e9contract\u00e9es en li\u00e8ge"},"content":{"rendered":"<ul>\n<li style=\"list-style-type: none;\">\n<ul>\n<li title=\"\u00a035\u00a036\u00a037\u00a038\u00a039\u00a040\u00a041\u00a042\u00a043\u00a044\u00a045\u00a046\u00a047\u00a048\"><span style=\"vertical-align: inherit;\"><span style=\"vertical-align: inherit;\">Taille : 35 36 37 38 39 40 41 42 43 44 45 46 47 48<\/span><\/span><\/li>\n<li title=\"\u00a0couleur unie\"><span style=\"vertical-align: inherit;\"><span style=\"vertical-align: inherit;\">motif: uni<\/span><\/span><\/li>\n<li title=\"\u00a0Vert fonc\u00e9 109 Gris 109 Marron 109 Noir 109 Marron 109 Beige 109 Feuille d'\u00e9rable jaune 109 Vert 109 Rose 109 Bleu 109 Violet 109 Bleu gris 209 (design \u00e9largi) Noir 209 (design \u00e9largi) Gris 209 (design \u00e9largi)\"><span style=\"vertical-align: inherit;\"><span style=\"vertical-align: inherit;\">Classification des couleurs : Vert fonc\u00e9 109 Gris 109 Marron 109 Noir 109 Marron 109 Beige 109 Feuille d&rsquo;\u00e9rable jaune 109 Vert 109 Rose 109 Bleu 109 Violet 109 Bleu gris 209 (design \u00e9largi) Noir 209 (design \u00e9largi) Gris 209 (design \u00e9largi)<\/span><\/span><\/li>\n<li title=\"\u00a0Daim de vache\"><span style=\"vertical-align: inherit;\"><span style=\"vertical-align: inherit;\">Mat\u00e9riau sup\u00e9rieur : daim de vache\u00a0<\/span><\/span><\/li>\n<\/ul>\n<\/li>\n<\/ul>\n<p><img data-recalc-dims=\"1\" decoding=\"async\" id=\"desc-module-2\" class=\"desc_anchor\" src=\"https:\/\/i0.wp.com\/mykamiss.com\/wp-content\/uploads\/2023\/09\/spaceball.gif?w=720&#038;ssl=1\" \/><\/p>\n<p><img data-recalc-dims=\"1\" decoding=\"async\" id=\"desc-module-3\" class=\"desc_anchor\" src=\"https:\/\/i0.wp.com\/mykamiss.com\/wp-content\/uploads\/2023\/09\/spaceball.gif?w=720&#038;ssl=1\" \/><\/p>\n<p><img data-recalc-dims=\"1\" decoding=\"async\" id=\"desc-module-4\" class=\"desc_anchor\" src=\"https:\/\/i0.wp.com\/mykamiss.com\/wp-content\/uploads\/2023\/09\/spaceball.gif?w=720&#038;ssl=1\" \/><\/p>\n<p><img data-recalc-dims=\"1\" decoding=\"async\" id=\"desc-module-5\" class=\"desc_anchor\" src=\"https:\/\/i0.wp.com\/mykamiss.com\/wp-content\/uploads\/2023\/09\/spaceball.gif?w=720&#038;ssl=1\" \/><\/p>\n","protected":false},"excerpt":{"rendered":"<p>Taille : 35 36 37 38 39 40 41 42 43 44 45 46 47 48 motif: uni Classification des couleurs : Vert fonc\u00e9 109 Gris 109 Marron 109 Noir 109 Marron 109 Beige 109 Feuille d&rsquo;\u00e9rable jaune 109 Vert 109 Rose 109 Bleu 109 Violet 109 Bleu gris 209 (design \u00e9largi) Noir 209 (design \u00e9largi) Gris 209 (design \u00e9largi) [&hellip;]<\/p>\n","protected":false},"featured_media":2572,"comment_status":"open","ping_status":"closed","template":"","meta":{"_acf_changed":false},"product_brand":[],"product_cat":[15,18,19],"product_tag":[],"class_list":{"0":"post-2571","1":"product","2":"type-product","3":"status-publish","4":"has-post-thumbnail","6":"product_cat-mks-shoes","7":"product_cat-mks-homme","8":"product_cat-mkswomanqueens","10":"first","11":"instock","12":"shipping-taxable","13":"purchasable","14":"product-type-variable"},"acf":[],"jetpack_sharing_enabled":true,"_links":{"self":[{"href":"https:\/\/mykamiss.com\/index.php?rest_route=\/wp\/v2\/product\/2571","targetHints":{"allow":["GET"]}}],"collection":[{"href":"https:\/\/mykamiss.com\/index.php?rest_route=\/wp\/v2\/product"}],"about":[{"href":"https:\/\/mykamiss.com\/index.php?rest_route=\/wp\/v2\/types\/product"}],"replies":[{"embeddable":true,"href":"https:\/\/mykamiss.com\/index.php?rest_route=%2Fwp%2Fv2%2Fcomments&post=2571"}],"wp:featuredmedia":[{"embeddable":true,"href":"https:\/\/mykamiss.com\/index.php?rest_route=\/wp\/v2\/media\/2572"}],"wp:attachment":[{"href":"https:\/\/mykamiss.com\/index.php?rest_route=%2Fwp%2Fv2%2Fmedia&parent=2571"}],"wp:term":[{"taxonomy":"product_brand","embeddable":true,"href":"https:\/\/mykamiss.com\/index.php?rest_route=%2Fwp%2Fv2%2Fproduct_brand&post=2571"},{"taxonomy":"product_cat","embeddable":true,"href":"https:\/\/mykamiss.com\/index.php?rest_route=%2Fwp%2Fv2%2Fproduct_cat&post=2571"},{"taxonomy":"product_tag","embeddable":true,"href":"https:\/\/mykamiss.com\/index.php?rest_route=%2Fwp%2Fv2%2Fproduct_tag&post=2571"}],"curies":[{"name":"wp","href":"https:\/\/api.w.org\/{rel}","templated":true}]}}