{"id":3081,"date":"2023-10-19T11:26:51","date_gmt":"2023-10-19T11:26:51","guid":{"rendered":"https:\/\/mykamiss.com\/produit\/pantoufles-en-liege-pour-hommes-et-femmes\/"},"modified":"2023-12-10T22:19:42","modified_gmt":"2023-12-10T22:19:42","slug":"pantoufles-en-liege-pour-hommes-et-femmes","status":"publish","type":"product","link":"https:\/\/mykamiss.com\/?product=pantoufles-en-liege-pour-hommes-et-femmes","title":{"rendered":"Pantoufles en li\u00e8ge pour hommes et femmes,"},"content":{"rendered":"<p><!-- attributes div start --><\/p>\n<p>\u00a0<\/p>\n<ul class=\"attributes-list\">\n<li title=\"Respirant\"><span style=\"vertical-align: inherit\"><span style=\"vertical-align: inherit\">Fonction: respirant<\/span><\/span><\/li>\n<li title=\"35 36 37 38 39 40 41 42 43 44 45\"><span style=\"vertical-align: inherit\"><span style=\"vertical-align: inherit\">Taille : 35 36 37 38 39 40 41 42 43 44 45<\/span><\/span><\/li>\n<li title=\"couleur unie\"><span style=\"vertical-align: inherit\"><span style=\"vertical-align: inherit\">motif: uni<\/span><\/span><\/li>\n<li title=\"Loisirs\"><span style=\"vertical-align: inherit\"><span style=\"vertical-align: inherit\">Style: loisirs<\/span><\/span><\/li>\n<li title=\"Coutures en cuir\"><span style=\"vertical-align: inherit\"><span style=\"vertical-align: inherit\">\u00c9l\u00e9ments populaires: coutures en cuir<\/span><\/span><\/li>\n<li title=\"noir kaki bleu\"><span style=\"vertical-align: inherit\"><span style=\"vertical-align: inherit\">Classification des couleurs : noir, kaki, bleu.<\/span><\/span><\/li>\n<li title=\"EVA\"><span style=\"vertical-align: inherit\"><span style=\"vertical-align: inherit\">Mat\u00e9riau de la semelle : EVA<\/span><\/span><\/li>\n<li title=\"cuir verni\"><span style=\"vertical-align: inherit\"><span style=\"vertical-align: inherit\">Technologie des mat\u00e9riaux en cuir v\u00e9ritable\u00a0: cuir verni<\/span><\/span><\/li>\n<\/ul>\n<div style=\"width: 750.0px;height: 9348.0px;overflow: hidden\">\n<div style=\"width: 750.0px;height: 9348.0px;overflow: hidden\"><img data-recalc-dims=\"1\" decoding=\"async\" style=\"width: 100.0%\" src=\"https:\/\/i0.wp.com\/mykamiss.com\/wp-content\/uploads\/2023\/10\/O1CN01BFZv1W1LPK4BRBN4L_1946611291.webp?w=720&#038;ssl=1\" \/><img data-recalc-dims=\"1\" decoding=\"async\" style=\"width: 100.0%\" src=\"https:\/\/i0.wp.com\/mykamiss.com\/wp-content\/uploads\/2023\/10\/O1CN011dPvVI1LPK4Mb5vYh_1946611291.webp?w=720&#038;ssl=1\" \/><img data-recalc-dims=\"1\" decoding=\"async\" style=\"width: 100.0%\" src=\"https:\/\/i0.wp.com\/mykamiss.com\/wp-content\/uploads\/2023\/10\/O1CN01SiFMxF1LPK4KnEfQv_1946611291.webp?w=720&#038;ssl=1\" \/><img data-recalc-dims=\"1\" decoding=\"async\" style=\"width: 100.0%\" src=\"https:\/\/i0.wp.com\/mykamiss.com\/wp-content\/uploads\/2023\/10\/O1CN01aPfQrM1LPK4LaW1dh_1946611291.webp?w=720&#038;ssl=1\" \/><img data-recalc-dims=\"1\" decoding=\"async\" style=\"width: 100.0%\" src=\"https:\/\/i0.wp.com\/mykamiss.com\/wp-content\/uploads\/2023\/10\/O1CN0126gdfh1LPK4Ryrqwb_1946611291.webp?w=720&#038;ssl=1\" \/><img data-recalc-dims=\"1\" decoding=\"async\" style=\"width: 100.0%\" src=\"https:\/\/i0.wp.com\/mykamiss.com\/wp-content\/uploads\/2023\/10\/O1CN01K5aIy51LPK4KnDvgD_1946611291.webp?w=720&#038;ssl=1\" \/><\/div>\n<\/div>\n","protected":false},"excerpt":{"rendered":"<p>\u00a0 Fonction: respirant Taille : 35 36 37 38 39 40 41 42 43 44 45 motif: uni Style: loisirs \u00c9l\u00e9ments populaires: coutures en cuir Classification des couleurs : noir, kaki, bleu. Mat\u00e9riau de la semelle : EVA Technologie des mat\u00e9riaux en cuir v\u00e9ritable\u00a0: cuir verni<\/p>\n","protected":false},"featured_media":3082,"comment_status":"open","ping_status":"closed","template":"","meta":{"_acf_changed":false},"product_brand":[],"product_cat":[15,18,19],"product_tag":[],"class_list":{"0":"post-3081","1":"product","2":"type-product","3":"status-publish","4":"has-post-thumbnail","6":"product_cat-mks-shoes","7":"product_cat-mks-homme","8":"product_cat-mkswomanqueens","10":"first","11":"instock","12":"shipping-taxable","13":"purchasable","14":"product-type-variable"},"acf":[],"jetpack_sharing_enabled":true,"_links":{"self":[{"href":"https:\/\/mykamiss.com\/index.php?rest_route=\/wp\/v2\/product\/3081","targetHints":{"allow":["GET"]}}],"collection":[{"href":"https:\/\/mykamiss.com\/index.php?rest_route=\/wp\/v2\/product"}],"about":[{"href":"https:\/\/mykamiss.com\/index.php?rest_route=\/wp\/v2\/types\/product"}],"replies":[{"embeddable":true,"href":"https:\/\/mykamiss.com\/index.php?rest_route=%2Fwp%2Fv2%2Fcomments&post=3081"}],"wp:featuredmedia":[{"embeddable":true,"href":"https:\/\/mykamiss.com\/index.php?rest_route=\/wp\/v2\/media\/3082"}],"wp:attachment":[{"href":"https:\/\/mykamiss.com\/index.php?rest_route=%2Fwp%2Fv2%2Fmedia&parent=3081"}],"wp:term":[{"taxonomy":"product_brand","embeddable":true,"href":"https:\/\/mykamiss.com\/index.php?rest_route=%2Fwp%2Fv2%2Fproduct_brand&post=3081"},{"taxonomy":"product_cat","embeddable":true,"href":"https:\/\/mykamiss.com\/index.php?rest_route=%2Fwp%2Fv2%2Fproduct_cat&post=3081"},{"taxonomy":"product_tag","embeddable":true,"href":"https:\/\/mykamiss.com\/index.php?rest_route=%2Fwp%2Fv2%2Fproduct_tag&post=3081"}],"curies":[{"name":"wp","href":"https:\/\/api.w.org\/{rel}","templated":true}]}}