{"id":3129,"date":"2023-10-19T11:34:58","date_gmt":"2023-10-19T11:34:58","guid":{"rendered":"https:\/\/mykamiss.com\/produit\/pantoufles-birkenstock-a-semelles-epaisses-pour-femmes-cuir-veritable\/"},"modified":"2023-12-10T22:17:15","modified_gmt":"2023-12-10T22:17:15","slug":"pantoufles-birkenstock-a-semelles-epaisses-pour-femmes-cuir-veritable","status":"publish","type":"product","link":"https:\/\/mykamiss.com\/?product=pantoufles-birkenstock-a-semelles-epaisses-pour-femmes-cuir-veritable","title":{"rendered":"pantoufles  \u00e0 semelles \u00e9paisses pour femmes cuir v\u00e9ritable"},"content":{"rendered":"<p><!-- attributes div start --><\/p>\n<ul class=\"attributes-list\">\n<li title=\"35 36 37 38 39\"><span style=\"vertical-align: inherit;\"><span style=\"vertical-align: inherit;\">Taille : 35 36 37 38 39<\/span><\/span><\/li>\n<li title=\"abricot jaune vert argent rose\"><span style=\"vertical-align: inherit;\"><span style=\"vertical-align: inherit;\">Classification des couleurs : abricot jaune vert argent rose.<\/span><\/span><\/li>\n<li title=\"Rasage\"><span style=\"vertical-align: inherit;\"><span style=\"vertical-align: inherit;\">Caract\u00e9ristiques corticales : cuir ras\u00e9<\/span><\/span><\/li>\n<li title=\"Daim de vache (cuir nubuck)\"><span style=\"vertical-align: inherit;\"><span style=\"vertical-align: inherit;\">daim de vache (cuir nubuck)<\/span><\/span><\/li>\n<\/ul>\n<div style=\"width: 750.0px; height: 38231.0px; overflow: hidden;\">\n<div style=\"width: 750.0px; height: 38231.0px; overflow: hidden;\"><img data-recalc-dims=\"1\" decoding=\"async\" style=\"width: 100.0%;\" src=\"https:\/\/i0.wp.com\/mykamiss.com\/wp-content\/uploads\/2023\/10\/O1CN01B4qz0y2JkHDeWf58I_1063899459.webp?w=720&#038;ssl=1\" \/><img data-recalc-dims=\"1\" decoding=\"async\" style=\"width: 100.0%;\" src=\"https:\/\/i0.wp.com\/mykamiss.com\/wp-content\/uploads\/2023\/10\/O1CN01WudW6O2JkHDbszVki_1063899459.webp?w=720&#038;ssl=1\" \/><img data-recalc-dims=\"1\" decoding=\"async\" style=\"width: 100.0%;\" src=\"https:\/\/i0.wp.com\/mykamiss.com\/wp-content\/uploads\/2023\/10\/O1CN01vLYz9d2JkHDlbyHGb_1063899459.webp?w=720&#038;ssl=1\" \/><img data-recalc-dims=\"1\" decoding=\"async\" style=\"width: 100.0%;\" src=\"https:\/\/i0.wp.com\/mykamiss.com\/wp-content\/uploads\/2023\/10\/O1CN01ahqKrr2JkHDgTSwcj_1063899459.webp?w=720&#038;ssl=1\" \/><img data-recalc-dims=\"1\" decoding=\"async\" style=\"width: 100.0%;\" src=\"https:\/\/i0.wp.com\/mykamiss.com\/wp-content\/uploads\/2023\/10\/O1CN01ExEONB2JkHDg7u5sG_1063899459.webp?w=720&#038;ssl=1\" \/><img data-recalc-dims=\"1\" decoding=\"async\" style=\"width: 100.0%;\" src=\"https:\/\/i0.wp.com\/mykamiss.com\/wp-content\/uploads\/2023\/10\/O1CN01EgpjRd2JkHDkVHXHb_1063899459.webp?w=720&#038;ssl=1\" \/><img data-recalc-dims=\"1\" decoding=\"async\" style=\"width: 100.0%;\" src=\"https:\/\/i0.wp.com\/mykamiss.com\/wp-content\/uploads\/2023\/10\/O1CN01MNsXoM2JkHDcd03YF_1063899459.webp?w=720&#038;ssl=1\" \/><img data-recalc-dims=\"1\" decoding=\"async\" style=\"width: 100.0%;\" src=\"https:\/\/i0.wp.com\/mykamiss.com\/wp-content\/uploads\/2023\/10\/O1CN01ftZB9d2JkHDkVHOwz_1063899459.webp?w=720&#038;ssl=1\" \/><img data-recalc-dims=\"1\" decoding=\"async\" style=\"width: 100.0%;\" src=\"https:\/\/i0.wp.com\/mykamiss.com\/wp-content\/uploads\/2023\/10\/O1CN01RcVmp02JkHDg7vMqW_1063899459.webp?w=720&#038;ssl=1\" \/><img data-recalc-dims=\"1\" decoding=\"async\" style=\"width: 100.0%;\" src=\"https:\/\/i0.wp.com\/mykamiss.com\/wp-content\/uploads\/2023\/10\/O1CN01lJzdhu2JkHDlbyXro_1063899459.webp?w=720&#038;ssl=1\" \/><img data-recalc-dims=\"1\" decoding=\"async\" style=\"width: 100.0%;\" src=\"https:\/\/i0.wp.com\/mykamiss.com\/wp-content\/uploads\/2023\/10\/O1CN01h8Uuit2JkHDjxgLmT_1063899459.webp?w=720&#038;ssl=1\" \/><img data-recalc-dims=\"1\" decoding=\"async\" style=\"width: 100.0%;\" src=\"https:\/\/i0.wp.com\/mykamiss.com\/wp-content\/uploads\/2023\/10\/O1CN01dbOseP2JkHDiKXOL3_1063899459.webp?w=720&#038;ssl=1\" \/><img data-recalc-dims=\"1\" decoding=\"async\" style=\"width: 100.0%;\" src=\"https:\/\/i0.wp.com\/mykamiss.com\/wp-content\/uploads\/2023\/10\/O1CN01HorMbY2JkHDei7263_1063899459.webp?w=720&#038;ssl=1\" \/><img data-recalc-dims=\"1\" decoding=\"async\" style=\"width: 100.0%;\" src=\"https:\/\/i0.wp.com\/mykamiss.com\/wp-content\/uploads\/2023\/10\/O1CN01rXFHgz2JkHDbswlAJ_1063899459.webp?w=720&#038;ssl=1\" \/><img data-recalc-dims=\"1\" decoding=\"async\" style=\"width: 100.0%;\" src=\"https:\/\/i0.wp.com\/mykamiss.com\/wp-content\/uploads\/2023\/10\/O1CN01QjLedZ2JkHDbsyIle_1063899459.webp?w=720&#038;ssl=1\" \/><img data-recalc-dims=\"1\" decoding=\"async\" style=\"width: 100.0%;\" src=\"https:\/\/i0.wp.com\/mykamiss.com\/wp-content\/uploads\/2023\/10\/O1CN01m2Kj9W2JkHDlbxGkY_1063899459.webp?w=720&#038;ssl=1\" \/><img data-recalc-dims=\"1\" decoding=\"async\" style=\"width: 100.0%;\" src=\"https:\/\/i0.wp.com\/mykamiss.com\/wp-content\/uploads\/2023\/10\/O1CN01iatF582JkHDg7tkx8_1063899459.webp?w=720&#038;ssl=1\" \/><img data-recalc-dims=\"1\" decoding=\"async\" style=\"width: 100.0%;\" src=\"https:\/\/i0.wp.com\/mykamiss.com\/wp-content\/uploads\/2023\/10\/O1CN01YwFH7E2JkHDg7qbXa_1063899459.webp?w=720&#038;ssl=1\" \/><\/div>\n<\/div>\n","protected":false},"excerpt":{"rendered":"<p>Taille : 35 36 37 38 39 Classification des couleurs : abricot jaune vert argent rose. Caract\u00e9ristiques corticales : cuir ras\u00e9 daim de vache (cuir nubuck)<\/p>\n","protected":false},"featured_media":3130,"comment_status":"open","ping_status":"closed","template":"","meta":{"_acf_changed":false},"product_brand":[],"product_cat":[15,19],"product_tag":[],"class_list":{"0":"post-3129","1":"product","2":"type-product","3":"status-publish","4":"has-post-thumbnail","6":"product_cat-mks-shoes","7":"product_cat-mkswomanqueens","9":"first","10":"instock","11":"shipping-taxable","12":"purchasable","13":"product-type-variable"},"acf":[],"jetpack_sharing_enabled":true,"_links":{"self":[{"href":"https:\/\/mykamiss.com\/index.php?rest_route=\/wp\/v2\/product\/3129","targetHints":{"allow":["GET"]}}],"collection":[{"href":"https:\/\/mykamiss.com\/index.php?rest_route=\/wp\/v2\/product"}],"about":[{"href":"https:\/\/mykamiss.com\/index.php?rest_route=\/wp\/v2\/types\/product"}],"replies":[{"embeddable":true,"href":"https:\/\/mykamiss.com\/index.php?rest_route=%2Fwp%2Fv2%2Fcomments&post=3129"}],"wp:featuredmedia":[{"embeddable":true,"href":"https:\/\/mykamiss.com\/index.php?rest_route=\/wp\/v2\/media\/3130"}],"wp:attachment":[{"href":"https:\/\/mykamiss.com\/index.php?rest_route=%2Fwp%2Fv2%2Fmedia&parent=3129"}],"wp:term":[{"taxonomy":"product_brand","embeddable":true,"href":"https:\/\/mykamiss.com\/index.php?rest_route=%2Fwp%2Fv2%2Fproduct_brand&post=3129"},{"taxonomy":"product_cat","embeddable":true,"href":"https:\/\/mykamiss.com\/index.php?rest_route=%2Fwp%2Fv2%2Fproduct_cat&post=3129"},{"taxonomy":"product_tag","embeddable":true,"href":"https:\/\/mykamiss.com\/index.php?rest_route=%2Fwp%2Fv2%2Fproduct_tag&post=3129"}],"curies":[{"name":"wp","href":"https:\/\/api.w.org\/{rel}","templated":true}]}}