{"id":3553,"date":"2023-10-19T16:51:06","date_gmt":"2023-10-19T16:51:06","guid":{"rendered":"https:\/\/mykamiss.com\/produit\/pantoufles-en-liege-a-semelles-plates\/"},"modified":"2025-02-04T15:11:47","modified_gmt":"2025-02-04T15:11:47","slug":"pantoufles-en-liege-a-semelles-plates","status":"publish","type":"product","link":"https:\/\/mykamiss.com\/?product=pantoufles-en-liege-a-semelles-plates","title":{"rendered":"pantoufles en li\u00e8ge \u00e0 semelles plates"},"content":{"rendered":"<p><!-- attributes div start --><\/p>\n<ul class=\"attributes-list\">\n<li title=\"Les chaussures sont d'une taille trop petite et la boucle de la chaussure peut \u00eatre ajust\u00e9e pour la rel\u00e2cher 35 36 37 38 39 40 41 42 43 44 45\"><span style=\"vertical-align: inherit;\"><span style=\"vertical-align: inherit;\">Taille :\u00a0 35 36 37 38 39 40 41 42 43 44 45.<\/span><\/span><\/li>\n<li title=\"Brun fonc\u00e9 noir blanc noir argent bleu et blanc riz chameau peut \u00eatre personnalis\u00e9 dans n'importe quelle couleur dans le magasin\"><span style=\"vertical-align: inherit;\"><span style=\"vertical-align: inherit;\"> couleurs : marron fonc\u00e9, noir, blanc, noir, argent, bleu et blanc, le riz chameau peut \u00eatre personnalis\u00e9 dans n&rsquo;importe quelle couleur dans le magasin.<\/span><\/span><\/li>\n<li title=\"E-commerce pur (ne vend qu'en ligne)\"><\/li>\n<\/ul>\n<p style=\"text-align: center;\"><img data-recalc-dims=\"1\" decoding=\"async\" style=\"max-width: 750.0px;\" src=\"https:\/\/i0.wp.com\/mykamiss.com\/wp-content\/uploads\/2023\/10\/O1CN01NuEoaD1YQJmAJGsVi_679493053.webp?w=720&#038;ssl=1\" align=\"absmiddle\" \/><img data-recalc-dims=\"1\" fetchpriority=\"high\" decoding=\"async\" class=\"alignnone wp-image-3840 size-large\" src=\"https:\/\/i0.wp.com\/mykamiss.com\/wp-content\/uploads\/2023\/10\/Calque-6.png?resize=720%2C534&#038;ssl=1\" alt=\"\" width=\"720\" height=\"534\" srcset=\"https:\/\/i0.wp.com\/mykamiss.com\/wp-content\/uploads\/2023\/10\/Calque-6.png?resize=1024%2C759&amp;ssl=1 1024w, https:\/\/i0.wp.com\/mykamiss.com\/wp-content\/uploads\/2023\/10\/Calque-6.png?resize=300%2C222&amp;ssl=1 300w, https:\/\/i0.wp.com\/mykamiss.com\/wp-content\/uploads\/2023\/10\/Calque-6.png?resize=768%2C569&amp;ssl=1 768w, https:\/\/i0.wp.com\/mykamiss.com\/wp-content\/uploads\/2023\/10\/Calque-6.png?resize=1536%2C1139&amp;ssl=1 1536w, https:\/\/i0.wp.com\/mykamiss.com\/wp-content\/uploads\/2023\/10\/Calque-6.png?resize=80%2C60&amp;ssl=1 80w, https:\/\/i0.wp.com\/mykamiss.com\/wp-content\/uploads\/2023\/10\/Calque-6.png?resize=1320%2C979&amp;ssl=1 1320w, https:\/\/i0.wp.com\/mykamiss.com\/wp-content\/uploads\/2023\/10\/Calque-6.png?resize=600%2C445&amp;ssl=1 600w, https:\/\/i0.wp.com\/mykamiss.com\/wp-content\/uploads\/2023\/10\/Calque-6.png?w=1710&amp;ssl=1 1710w, https:\/\/i0.wp.com\/mykamiss.com\/wp-content\/uploads\/2023\/10\/Calque-6.png?w=1440&amp;ssl=1 1440w\" sizes=\"(max-width: 720px) 100vw, 720px\" \/><img data-recalc-dims=\"1\" decoding=\"async\" class=\"alignnone wp-image-3842 size-large\" src=\"https:\/\/i0.wp.com\/mykamiss.com\/wp-content\/uploads\/2023\/10\/Calque-10.png?resize=720%2C510&#038;ssl=1\" alt=\"\" width=\"720\" height=\"510\" srcset=\"https:\/\/i0.wp.com\/mykamiss.com\/wp-content\/uploads\/2023\/10\/Calque-10.png?resize=1024%2C725&amp;ssl=1 1024w, https:\/\/i0.wp.com\/mykamiss.com\/wp-content\/uploads\/2023\/10\/Calque-10.png?resize=300%2C212&amp;ssl=1 300w, https:\/\/i0.wp.com\/mykamiss.com\/wp-content\/uploads\/2023\/10\/Calque-10.png?resize=768%2C543&amp;ssl=1 768w, https:\/\/i0.wp.com\/mykamiss.com\/wp-content\/uploads\/2023\/10\/Calque-10.png?resize=1536%2C1087&amp;ssl=1 1536w, https:\/\/i0.wp.com\/mykamiss.com\/wp-content\/uploads\/2023\/10\/Calque-10.png?resize=1320%2C934&amp;ssl=1 1320w, https:\/\/i0.wp.com\/mykamiss.com\/wp-content\/uploads\/2023\/10\/Calque-10.png?resize=600%2C425&amp;ssl=1 600w, https:\/\/i0.wp.com\/mykamiss.com\/wp-content\/uploads\/2023\/10\/Calque-10.png?w=1710&amp;ssl=1 1710w, https:\/\/i0.wp.com\/mykamiss.com\/wp-content\/uploads\/2023\/10\/Calque-10.png?w=1440&amp;ssl=1 1440w\" sizes=\"(max-width: 720px) 100vw, 720px\" \/><img data-recalc-dims=\"1\" decoding=\"async\" class=\"alignnone wp-image-3838 size-large\" src=\"https:\/\/i0.wp.com\/mykamiss.com\/wp-content\/uploads\/2023\/10\/Calque-4.png?resize=720%2C534&#038;ssl=1\" alt=\"\" width=\"720\" height=\"534\" srcset=\"https:\/\/i0.wp.com\/mykamiss.com\/wp-content\/uploads\/2023\/10\/Calque-4.png?resize=1024%2C759&amp;ssl=1 1024w, https:\/\/i0.wp.com\/mykamiss.com\/wp-content\/uploads\/2023\/10\/Calque-4.png?resize=300%2C222&amp;ssl=1 300w, https:\/\/i0.wp.com\/mykamiss.com\/wp-content\/uploads\/2023\/10\/Calque-4.png?resize=768%2C569&amp;ssl=1 768w, https:\/\/i0.wp.com\/mykamiss.com\/wp-content\/uploads\/2023\/10\/Calque-4.png?resize=1536%2C1139&amp;ssl=1 1536w, https:\/\/i0.wp.com\/mykamiss.com\/wp-content\/uploads\/2023\/10\/Calque-4.png?resize=80%2C60&amp;ssl=1 80w, https:\/\/i0.wp.com\/mykamiss.com\/wp-content\/uploads\/2023\/10\/Calque-4.png?resize=1320%2C979&amp;ssl=1 1320w, https:\/\/i0.wp.com\/mykamiss.com\/wp-content\/uploads\/2023\/10\/Calque-4.png?resize=600%2C445&amp;ssl=1 600w, https:\/\/i0.wp.com\/mykamiss.com\/wp-content\/uploads\/2023\/10\/Calque-4.png?w=1710&amp;ssl=1 1710w, https:\/\/i0.wp.com\/mykamiss.com\/wp-content\/uploads\/2023\/10\/Calque-4.png?w=1440&amp;ssl=1 1440w\" sizes=\"(max-width: 720px) 100vw, 720px\" \/><img data-recalc-dims=\"1\" loading=\"lazy\" decoding=\"async\" class=\"alignnone wp-image-3839 size-large\" src=\"https:\/\/i0.wp.com\/mykamiss.com\/wp-content\/uploads\/2023\/10\/Calque-5.png?resize=720%2C534&#038;ssl=1\" alt=\"\" width=\"720\" height=\"534\" srcset=\"https:\/\/i0.wp.com\/mykamiss.com\/wp-content\/uploads\/2023\/10\/Calque-5.png?resize=1024%2C759&amp;ssl=1 1024w, https:\/\/i0.wp.com\/mykamiss.com\/wp-content\/uploads\/2023\/10\/Calque-5.png?resize=300%2C222&amp;ssl=1 300w, https:\/\/i0.wp.com\/mykamiss.com\/wp-content\/uploads\/2023\/10\/Calque-5.png?resize=768%2C569&amp;ssl=1 768w, https:\/\/i0.wp.com\/mykamiss.com\/wp-content\/uploads\/2023\/10\/Calque-5.png?resize=1536%2C1139&amp;ssl=1 1536w, https:\/\/i0.wp.com\/mykamiss.com\/wp-content\/uploads\/2023\/10\/Calque-5.png?resize=80%2C60&amp;ssl=1 80w, https:\/\/i0.wp.com\/mykamiss.com\/wp-content\/uploads\/2023\/10\/Calque-5.png?resize=1320%2C979&amp;ssl=1 1320w, https:\/\/i0.wp.com\/mykamiss.com\/wp-content\/uploads\/2023\/10\/Calque-5.png?resize=600%2C445&amp;ssl=1 600w, https:\/\/i0.wp.com\/mykamiss.com\/wp-content\/uploads\/2023\/10\/Calque-5.png?w=1710&amp;ssl=1 1710w, https:\/\/i0.wp.com\/mykamiss.com\/wp-content\/uploads\/2023\/10\/Calque-5.png?w=1440&amp;ssl=1 1440w\" sizes=\"(max-width: 720px) 100vw, 720px\" \/><\/p>\n","protected":false},"excerpt":{"rendered":"<p>Taille :\u00a0 35 36 37 38 39 40 41 42 43 44 45. couleurs : marron fonc\u00e9, noir, blanc, noir, argent, bleu et blanc, le riz chameau peut \u00eatre personnalis\u00e9 dans n&rsquo;importe quelle couleur dans le magasin.<\/p>\n","protected":false},"featured_media":3554,"comment_status":"open","ping_status":"closed","template":"","meta":{"_acf_changed":false},"product_brand":[],"product_cat":[15,19],"product_tag":[],"class_list":{"0":"post-3553","1":"product","2":"type-product","3":"status-publish","4":"has-post-thumbnail","6":"product_cat-mks-shoes","7":"product_cat-mkswomanqueens","9":"first","10":"instock","11":"shipping-taxable","12":"purchasable","13":"product-type-variable"},"acf":[],"jetpack_sharing_enabled":true,"_links":{"self":[{"href":"https:\/\/mykamiss.com\/index.php?rest_route=\/wp\/v2\/product\/3553","targetHints":{"allow":["GET"]}}],"collection":[{"href":"https:\/\/mykamiss.com\/index.php?rest_route=\/wp\/v2\/product"}],"about":[{"href":"https:\/\/mykamiss.com\/index.php?rest_route=\/wp\/v2\/types\/product"}],"replies":[{"embeddable":true,"href":"https:\/\/mykamiss.com\/index.php?rest_route=%2Fwp%2Fv2%2Fcomments&post=3553"}],"wp:featuredmedia":[{"embeddable":true,"href":"https:\/\/mykamiss.com\/index.php?rest_route=\/wp\/v2\/media\/3554"}],"wp:attachment":[{"href":"https:\/\/mykamiss.com\/index.php?rest_route=%2Fwp%2Fv2%2Fmedia&parent=3553"}],"wp:term":[{"taxonomy":"product_brand","embeddable":true,"href":"https:\/\/mykamiss.com\/index.php?rest_route=%2Fwp%2Fv2%2Fproduct_brand&post=3553"},{"taxonomy":"product_cat","embeddable":true,"href":"https:\/\/mykamiss.com\/index.php?rest_route=%2Fwp%2Fv2%2Fproduct_cat&post=3553"},{"taxonomy":"product_tag","embeddable":true,"href":"https:\/\/mykamiss.com\/index.php?rest_route=%2Fwp%2Fv2%2Fproduct_tag&post=3553"}],"curies":[{"name":"wp","href":"https:\/\/api.w.org\/{rel}","templated":true}]}}