{"id":3660,"date":"2023-10-19T17:08:41","date_gmt":"2023-10-19T17:08:41","guid":{"rendered":"https:\/\/mykamiss.com\/produit\/mks33-chemise-decontractee-a-manches-longues-ample-en-coton\/"},"modified":"2023-12-10T22:10:51","modified_gmt":"2023-12-10T22:10:51","slug":"mks33-chemise-decontractee-a-manches-longues-ample-en-coton","status":"publish","type":"product","link":"https:\/\/mykamiss.com\/?product=mks33-chemise-decontractee-a-manches-longues-ample-en-coton","title":{"rendered":"MKS33 &#8211; chemise d\u00e9contract\u00e9e \u00e0 manches longues, ample, en coton,"},"content":{"rendered":"<p><!-- attributes div start --><\/p>\n<ul class=\"attributes-list\">\n<li title=\"XXL XXXLMLXL\"><span style=\"vertical-align: inherit;\"><span style=\"vertical-align: inherit;\">Taille : XXL XXXL MLXL<\/span><\/span><\/li>\n<li title=\"col carr\u00e9\"><span style=\"vertical-align: inherit;\"><span style=\"vertical-align: inherit;\"> col carr\u00e9<\/span><\/span><\/li>\n<li title=\"T-shirt manches longues int\u00e9rieur gris fonc\u00e9 abricot\"><span style=\"vertical-align: inherit;\"><span style=\"vertical-align: inherit;\">Couleur : gris fonc\u00e9 abricot avec t-shirt \u00e0 manches longues<\/span><\/span><\/li>\n<li title=\"Bloc de couleur avec plusieurs poches\"><span style=\"vertical-align: inherit;\"><span style=\"vertical-align: inherit;\">\u00a0couleur, plusieurs poches<\/span><\/span><\/li>\n<li title=\"100% Coton\"><span style=\"vertical-align: inherit;\"><span style=\"vertical-align: inherit;\">Composition du mat\u00e9riau : 100 % coton<\/span><\/span><\/li>\n<\/ul>\n<p><img data-recalc-dims=\"1\" decoding=\"async\" src=\"https:\/\/i0.wp.com\/mykamiss.com\/wp-content\/uploads\/2023\/10\/O1CN01ZxF6NO1POdsXAcjF3_628311831.webp?w=720&#038;ssl=1\" alt=\"790 (5).jpg\" \/><\/p>\n<p><img data-recalc-dims=\"1\" decoding=\"async\" src=\"https:\/\/i0.wp.com\/mykamiss.com\/wp-content\/uploads\/2023\/10\/O1CN01vm1vwJ1POdseuzaeR_628311831.webp?w=720&#038;ssl=1\" alt=\"790 (8).jpg\" \/><\/p>\n<p><img data-recalc-dims=\"1\" decoding=\"async\" src=\"https:\/\/i0.wp.com\/mykamiss.com\/wp-content\/uploads\/2023\/10\/O1CN01dnn2xU1POdseE5SFi_628311831.webp?w=720&#038;ssl=1\" alt=\"790 (9).jpg\" \/><\/p>\n<p><img data-recalc-dims=\"1\" decoding=\"async\" src=\"https:\/\/i0.wp.com\/mykamiss.com\/wp-content\/uploads\/2023\/10\/O1CN01vqPh2Q1POdsci7K8y_628311831.webp?w=720&#038;ssl=1\" alt=\"790 (10).jpg\" \/><\/p>\n<p><img data-recalc-dims=\"1\" decoding=\"async\" src=\"https:\/\/i0.wp.com\/mykamiss.com\/wp-content\/uploads\/2023\/10\/O1CN017c7lj31POdseuzenr_628311831.webp?w=720&#038;ssl=1\" alt=\"790 (11).jpg\" \/><\/p>\n","protected":false},"excerpt":{"rendered":"<p>Taille : XXL XXXL MLXL col carr\u00e9 Couleur : gris fonc\u00e9 abricot avec t-shirt \u00e0 manches longues \u00a0couleur, plusieurs poches Composition du mat\u00e9riau : 100 % coton<\/p>\n","protected":false},"featured_media":3835,"comment_status":"open","ping_status":"closed","template":"","meta":{"_acf_changed":false},"product_brand":[],"product_cat":[45,18],"product_tag":[],"class_list":{"0":"post-3660","1":"product","2":"type-product","3":"status-publish","4":"has-post-thumbnail","6":"product_cat-chemises-hommes","7":"product_cat-mks-homme","9":"first","10":"instock","11":"shipping-taxable","12":"purchasable","13":"product-type-variable"},"acf":[],"jetpack_sharing_enabled":true,"_links":{"self":[{"href":"https:\/\/mykamiss.com\/index.php?rest_route=\/wp\/v2\/product\/3660","targetHints":{"allow":["GET"]}}],"collection":[{"href":"https:\/\/mykamiss.com\/index.php?rest_route=\/wp\/v2\/product"}],"about":[{"href":"https:\/\/mykamiss.com\/index.php?rest_route=\/wp\/v2\/types\/product"}],"replies":[{"embeddable":true,"href":"https:\/\/mykamiss.com\/index.php?rest_route=%2Fwp%2Fv2%2Fcomments&post=3660"}],"wp:featuredmedia":[{"embeddable":true,"href":"https:\/\/mykamiss.com\/index.php?rest_route=\/wp\/v2\/media\/3835"}],"wp:attachment":[{"href":"https:\/\/mykamiss.com\/index.php?rest_route=%2Fwp%2Fv2%2Fmedia&parent=3660"}],"wp:term":[{"taxonomy":"product_brand","embeddable":true,"href":"https:\/\/mykamiss.com\/index.php?rest_route=%2Fwp%2Fv2%2Fproduct_brand&post=3660"},{"taxonomy":"product_cat","embeddable":true,"href":"https:\/\/mykamiss.com\/index.php?rest_route=%2Fwp%2Fv2%2Fproduct_cat&post=3660"},{"taxonomy":"product_tag","embeddable":true,"href":"https:\/\/mykamiss.com\/index.php?rest_route=%2Fwp%2Fv2%2Fproduct_tag&post=3660"}],"curies":[{"name":"wp","href":"https:\/\/api.w.org\/{rel}","templated":true}]}}