{"id":4218,"date":"2023-11-23T17:50:56","date_gmt":"2023-11-23T17:50:56","guid":{"rendered":"https:\/\/mykamiss.com\/produit\/cardigan-pour-hommes-nouvelle-veste-fdecontractee-tricote-tendance\/"},"modified":"2025-02-26T16:52:35","modified_gmt":"2025-02-26T16:52:35","slug":"cardigan-pour-hommes-nouvelle-veste-fdecontractee-tricote-tendance","status":"publish","type":"product","link":"https:\/\/mykamiss.com\/?product=cardigan-pour-hommes-nouvelle-veste-fdecontractee-tricote-tendance","title":{"rendered":"Cardigan pour hommes, nouvelle veste fd\u00e9contract\u00e9e, tricot\u00e9, tendance"},"content":{"rendered":"<p><!-- attributes div start --><\/p>\n<p>\u00a0<\/p>\n<p>\u00a0<\/p>\n","protected":false},"excerpt":{"rendered":"<p>\u00a0 \u00a0<\/p>\n","protected":false},"featured_media":4219,"comment_status":"open","ping_status":"closed","template":"","meta":{"_acf_changed":false},"product_brand":[],"product_cat":[18,56],"product_tag":[],"class_list":{"0":"post-4218","1":"product","2":"type-product","3":"status-publish","4":"has-post-thumbnail","6":"product_cat-mks-homme","7":"product_cat-pulls-homme","9":"first","10":"instock","11":"shipping-taxable","12":"purchasable","13":"product-type-variable"},"acf":[],"jetpack_sharing_enabled":true,"_links":{"self":[{"href":"https:\/\/mykamiss.com\/index.php?rest_route=\/wp\/v2\/product\/4218","targetHints":{"allow":["GET"]}}],"collection":[{"href":"https:\/\/mykamiss.com\/index.php?rest_route=\/wp\/v2\/product"}],"about":[{"href":"https:\/\/mykamiss.com\/index.php?rest_route=\/wp\/v2\/types\/product"}],"replies":[{"embeddable":true,"href":"https:\/\/mykamiss.com\/index.php?rest_route=%2Fwp%2Fv2%2Fcomments&post=4218"}],"wp:featuredmedia":[{"embeddable":true,"href":"https:\/\/mykamiss.com\/index.php?rest_route=\/wp\/v2\/media\/4219"}],"wp:attachment":[{"href":"https:\/\/mykamiss.com\/index.php?rest_route=%2Fwp%2Fv2%2Fmedia&parent=4218"}],"wp:term":[{"taxonomy":"product_brand","embeddable":true,"href":"https:\/\/mykamiss.com\/index.php?rest_route=%2Fwp%2Fv2%2Fproduct_brand&post=4218"},{"taxonomy":"product_cat","embeddable":true,"href":"https:\/\/mykamiss.com\/index.php?rest_route=%2Fwp%2Fv2%2Fproduct_cat&post=4218"},{"taxonomy":"product_tag","embeddable":true,"href":"https:\/\/mykamiss.com\/index.php?rest_route=%2Fwp%2Fv2%2Fproduct_tag&post=4218"}],"curies":[{"name":"wp","href":"https:\/\/api.w.org\/{rel}","templated":true}]}}