{"id":4410,"date":"2023-11-25T11:35:17","date_gmt":"2023-11-25T11:35:17","guid":{"rendered":"https:\/\/mykamiss.com\/produit\/veste-en-jean-decontractee-hommes-design-original-decontracte\/"},"modified":"2023-12-10T22:00:39","modified_gmt":"2023-12-10T22:00:39","slug":"veste-en-jean-decontractee-hommes-design-original-decontracte","status":"publish","type":"product","link":"https:\/\/mykamiss.com\/?product=veste-en-jean-decontractee-hommes-design-original-decontracte","title":{"rendered":"veste en jean d\u00e9contract\u00e9e hommes design original d\u00e9contract\u00e9"},"content":{"rendered":"<p><!-- attributes div start --><\/p>\n<ul class=\"attributes-list\">\n<li title=\"Coton 83% fibre de viscose (fibre de viscose) 17%\"><\/li>\n<\/ul>\n<div style=\"width: 750.0px; height: 8960.0px; overflow: hidden;\">\n<div style=\"width: 750.0px; height: 8960.0px; overflow: hidden;\"><img data-recalc-dims=\"1\" decoding=\"async\" style=\"width: 100.0%;\" src=\"https:\/\/i0.wp.com\/mykamiss.com\/wp-content\/uploads\/2023\/11\/O1CN01ai9UqK22gIGwZKy81_2210935977149.webp?w=720&#038;ssl=1\" \/><img data-recalc-dims=\"1\" decoding=\"async\" style=\"width: 100.0%;\" src=\"https:\/\/i0.wp.com\/mykamiss.com\/wp-content\/uploads\/2023\/11\/O1CN01wJWh7A22gIGyCHufP_2210935977149.webp?w=720&#038;ssl=1\" \/><img data-recalc-dims=\"1\" decoding=\"async\" style=\"width: 100.0%;\" src=\"https:\/\/i0.wp.com\/mykamiss.com\/wp-content\/uploads\/2023\/11\/O1CN01J88yEc22gIGurIp3D_2210935977149.webp?w=720&#038;ssl=1\" \/><img data-recalc-dims=\"1\" decoding=\"async\" style=\"width: 100.0%;\" src=\"https:\/\/i0.wp.com\/mykamiss.com\/wp-content\/uploads\/2023\/11\/O1CN01sAW89j22gIH1b2xqQ_2210935977149.webp?w=720&#038;ssl=1\" \/><img data-recalc-dims=\"1\" decoding=\"async\" style=\"width: 100.0%;\" src=\"https:\/\/i0.wp.com\/mykamiss.com\/wp-content\/uploads\/2023\/11\/O1CN01eN2wf322gIGzl2qQi_2210935977149.webp?w=720&#038;ssl=1\" \/><img data-recalc-dims=\"1\" decoding=\"async\" style=\"width: 100.0%;\" src=\"https:\/\/i0.wp.com\/mykamiss.com\/wp-content\/uploads\/2023\/11\/O1CN01uuHDco22gIH0rXR7L_2210935977149.webp?w=720&#038;ssl=1\" \/><img data-recalc-dims=\"1\" decoding=\"async\" style=\"width: 100.0%;\" src=\"https:\/\/i0.wp.com\/mykamiss.com\/wp-content\/uploads\/2023\/11\/O1CN01MbrUWu22gIGz3AUW4_2210935977149.webp?w=720&#038;ssl=1\" \/><img data-recalc-dims=\"1\" decoding=\"async\" style=\"width: 100.0%;\" src=\"https:\/\/i0.wp.com\/mykamiss.com\/wp-content\/uploads\/2023\/11\/O1CN01UnVk4U22gIGzl1Ege_2210935977149.webp?w=720&#038;ssl=1\" \/><img data-recalc-dims=\"1\" decoding=\"async\" style=\"width: 100.0%;\" src=\"https:\/\/i0.wp.com\/mykamiss.com\/wp-content\/uploads\/2023\/11\/O1CN01njzFsP22gIGuyNLet_2210935977149.webp?w=720&#038;ssl=1\" \/><\/div>\n<\/div>\n","protected":false},"excerpt":{"rendered":"","protected":false},"featured_media":4419,"comment_status":"open","ping_status":"closed","template":"","meta":{"_acf_changed":false},"product_brand":[],"product_cat":[18,57],"product_tag":[],"class_list":{"0":"post-4410","1":"product","2":"type-product","3":"status-publish","4":"has-post-thumbnail","6":"product_cat-mks-homme","7":"product_cat-vestes-homme","9":"first","10":"instock","11":"shipping-taxable","12":"purchasable","13":"product-type-variable"},"acf":[],"jetpack_sharing_enabled":true,"_links":{"self":[{"href":"https:\/\/mykamiss.com\/index.php?rest_route=\/wp\/v2\/product\/4410","targetHints":{"allow":["GET"]}}],"collection":[{"href":"https:\/\/mykamiss.com\/index.php?rest_route=\/wp\/v2\/product"}],"about":[{"href":"https:\/\/mykamiss.com\/index.php?rest_route=\/wp\/v2\/types\/product"}],"replies":[{"embeddable":true,"href":"https:\/\/mykamiss.com\/index.php?rest_route=%2Fwp%2Fv2%2Fcomments&post=4410"}],"wp:featuredmedia":[{"embeddable":true,"href":"https:\/\/mykamiss.com\/index.php?rest_route=\/wp\/v2\/media\/4419"}],"wp:attachment":[{"href":"https:\/\/mykamiss.com\/index.php?rest_route=%2Fwp%2Fv2%2Fmedia&parent=4410"}],"wp:term":[{"taxonomy":"product_brand","embeddable":true,"href":"https:\/\/mykamiss.com\/index.php?rest_route=%2Fwp%2Fv2%2Fproduct_brand&post=4410"},{"taxonomy":"product_cat","embeddable":true,"href":"https:\/\/mykamiss.com\/index.php?rest_route=%2Fwp%2Fv2%2Fproduct_cat&post=4410"},{"taxonomy":"product_tag","embeddable":true,"href":"https:\/\/mykamiss.com\/index.php?rest_route=%2Fwp%2Fv2%2Fproduct_tag&post=4410"}],"curies":[{"name":"wp","href":"https:\/\/api.w.org\/{rel}","templated":true}]}}