{"id":4773,"date":"2023-11-27T14:07:00","date_gmt":"2023-11-27T14:07:00","guid":{"rendered":"https:\/\/mykamiss.com\/produit\/veste-en-jean-pour-hommes-slim-imprime-style-ethnique-decontracte\/"},"modified":"2023-12-10T21:55:14","modified_gmt":"2023-12-10T21:55:14","slug":"veste-en-jean-pour-hommes-slim-imprime-style-ethnique-decontracte","status":"publish","type":"product","link":"https:\/\/mykamiss.com\/?product=veste-en-jean-pour-hommes-slim-imprime-style-ethnique-decontracte","title":{"rendered":"Veste en jean pour hommes, Slim imprim\u00e9, Style ethnique, d\u00e9contract\u00e9,"},"content":{"rendered":"<p>\u00a0<\/p>\n<div id=\"J_BrandAttr\" class=\"tm-clear tb-hidden tm_brandAttr\">\u00a0<\/div>\n<p>\u00a0<\/p>\n<p><!-- \u5065\u5b57\u53f7\u76f8\u5173--><\/p>\n","protected":false},"excerpt":{"rendered":"<p>\u00a0 \u00a0 \u00a0<\/p>\n","protected":false},"featured_media":4774,"comment_status":"open","ping_status":"closed","template":"","meta":{"_acf_changed":false},"product_brand":[],"product_cat":[18,57],"product_tag":[],"class_list":{"0":"post-4773","1":"product","2":"type-product","3":"status-publish","4":"has-post-thumbnail","6":"product_cat-mks-homme","7":"product_cat-vestes-homme","9":"first","10":"instock","11":"shipping-taxable","12":"purchasable","13":"product-type-variable"},"acf":[],"jetpack_sharing_enabled":true,"_links":{"self":[{"href":"https:\/\/mykamiss.com\/index.php?rest_route=\/wp\/v2\/product\/4773","targetHints":{"allow":["GET"]}}],"collection":[{"href":"https:\/\/mykamiss.com\/index.php?rest_route=\/wp\/v2\/product"}],"about":[{"href":"https:\/\/mykamiss.com\/index.php?rest_route=\/wp\/v2\/types\/product"}],"replies":[{"embeddable":true,"href":"https:\/\/mykamiss.com\/index.php?rest_route=%2Fwp%2Fv2%2Fcomments&post=4773"}],"wp:featuredmedia":[{"embeddable":true,"href":"https:\/\/mykamiss.com\/index.php?rest_route=\/wp\/v2\/media\/4774"}],"wp:attachment":[{"href":"https:\/\/mykamiss.com\/index.php?rest_route=%2Fwp%2Fv2%2Fmedia&parent=4773"}],"wp:term":[{"taxonomy":"product_brand","embeddable":true,"href":"https:\/\/mykamiss.com\/index.php?rest_route=%2Fwp%2Fv2%2Fproduct_brand&post=4773"},{"taxonomy":"product_cat","embeddable":true,"href":"https:\/\/mykamiss.com\/index.php?rest_route=%2Fwp%2Fv2%2Fproduct_cat&post=4773"},{"taxonomy":"product_tag","embeddable":true,"href":"https:\/\/mykamiss.com\/index.php?rest_route=%2Fwp%2Fv2%2Fproduct_tag&post=4773"}],"curies":[{"name":"wp","href":"https:\/\/api.w.org\/{rel}","templated":true}]}}