{"id":4802,"date":"2023-11-27T14:10:58","date_gmt":"2023-11-27T14:10:58","guid":{"rendered":"https:\/\/mykamiss.com\/produit\/veste-en-jean-a-rayures-lourdes-pour-hommes-a-la-mode-hommes-decontractee-tendance\/"},"modified":"2023-12-10T21:55:11","modified_gmt":"2023-12-10T21:55:11","slug":"veste-en-jean-a-rayures-lourdes-pour-hommes-a-la-mode-hommes-decontractee-tendance","status":"publish","type":"product","link":"https:\/\/mykamiss.com\/?product=veste-en-jean-a-rayures-lourdes-pour-hommes-a-la-mode-hommes-decontractee-tendance","title":{"rendered":"Veste en jean \u00e0 rayures lourdes pour hommes \u00e0 la mode hommes d\u00e9contract\u00e9e tendance"},"content":{"rendered":"","protected":false},"excerpt":{"rendered":"","protected":false},"featured_media":4803,"comment_status":"open","ping_status":"closed","template":"","meta":{"_acf_changed":false},"product_brand":[],"product_cat":[18,57],"product_tag":[],"class_list":{"0":"post-4802","1":"product","2":"type-product","3":"status-publish","4":"has-post-thumbnail","6":"product_cat-mks-homme","7":"product_cat-vestes-homme","9":"first","10":"instock","11":"shipping-taxable","12":"purchasable","13":"product-type-variable"},"acf":[],"jetpack_sharing_enabled":true,"_links":{"self":[{"href":"https:\/\/mykamiss.com\/index.php?rest_route=\/wp\/v2\/product\/4802","targetHints":{"allow":["GET"]}}],"collection":[{"href":"https:\/\/mykamiss.com\/index.php?rest_route=\/wp\/v2\/product"}],"about":[{"href":"https:\/\/mykamiss.com\/index.php?rest_route=\/wp\/v2\/types\/product"}],"replies":[{"embeddable":true,"href":"https:\/\/mykamiss.com\/index.php?rest_route=%2Fwp%2Fv2%2Fcomments&post=4802"}],"wp:featuredmedia":[{"embeddable":true,"href":"https:\/\/mykamiss.com\/index.php?rest_route=\/wp\/v2\/media\/4803"}],"wp:attachment":[{"href":"https:\/\/mykamiss.com\/index.php?rest_route=%2Fwp%2Fv2%2Fmedia&parent=4802"}],"wp:term":[{"taxonomy":"product_brand","embeddable":true,"href":"https:\/\/mykamiss.com\/index.php?rest_route=%2Fwp%2Fv2%2Fproduct_brand&post=4802"},{"taxonomy":"product_cat","embeddable":true,"href":"https:\/\/mykamiss.com\/index.php?rest_route=%2Fwp%2Fv2%2Fproduct_cat&post=4802"},{"taxonomy":"product_tag","embeddable":true,"href":"https:\/\/mykamiss.com\/index.php?rest_route=%2Fwp%2Fv2%2Fproduct_tag&post=4802"}],"curies":[{"name":"wp","href":"https:\/\/api.w.org\/{rel}","templated":true}]}}