{"id":4841,"date":"2023-11-27T16:46:33","date_gmt":"2023-11-27T16:46:33","guid":{"rendered":"https:\/\/mykamiss.com\/produit\/chemise-a-manches-longues-decontractee-pour-hommes-en-coton-lin\/"},"modified":"2024-08-06T14:12:35","modified_gmt":"2024-08-06T14:12:35","slug":"chemise-a-manches-longues-decontractee-pour-hommes-en-coton-lin","status":"publish","type":"product","link":"https:\/\/mykamiss.com\/?product=chemise-a-manches-longues-decontractee-pour-hommes-en-coton-lin","title":{"rendered":"Chemise \u00e0 manches longues d\u00e9contract\u00e9e pour hommes, en coton lin MKSZ146"},"content":{"rendered":"<p><!-- attributes div start --><\/p>\n<div style=\"width: 750.0px;font-size: 0;margin: 0 auto\">\n<div id=\"ids-module-0\" class=\"dm_module\" style=\"margin: 0 auto;overflow: hidden;color: #000000;width: 750.0px;font-size: 12.0px\" data-id=\"0\" data-title=\"\u6a21\u7279\u5c55\u793a\"><img data-recalc-dims=\"1\" decoding=\"async\" style=\"width: 750.0px;float: left\" src=\"https:\/\/i0.wp.com\/mykamiss.com\/wp-content\/uploads\/2023\/11\/O1CN01YAKcXi27ScO7nOUqD_1094617796.webp?w=720&#038;ssl=1\" \/><img data-recalc-dims=\"1\" decoding=\"async\" style=\"width: 750.0px;float: left\" src=\"https:\/\/i0.wp.com\/mykamiss.com\/wp-content\/uploads\/2023\/11\/O1CN01HyuhPT27ScOCdmKu7_1094617796.webp?w=720&#038;ssl=1\" \/><img data-recalc-dims=\"1\" decoding=\"async\" style=\"width: 750.0px;float: left\" src=\"https:\/\/i0.wp.com\/mykamiss.com\/wp-content\/uploads\/2023\/11\/O1CN01fof21927ScOBvUGfP_1094617796.webp?w=720&#038;ssl=1\" \/><img data-recalc-dims=\"1\" decoding=\"async\" style=\"width: 750.0px;float: left\" src=\"https:\/\/i0.wp.com\/mykamiss.com\/wp-content\/uploads\/2023\/11\/O1CN01PFQhVI27ScO34VSGJ_1094617796.webp?w=720&#038;ssl=1\" \/><img data-recalc-dims=\"1\" decoding=\"async\" style=\"width: 750.0px;float: left\" src=\"https:\/\/i0.wp.com\/mykamiss.com\/wp-content\/uploads\/2023\/11\/O1CN01lWcIW827ScO95PSix_1094617796.webp?w=720&#038;ssl=1\" \/><\/div>\n<\/div>\n","protected":false},"excerpt":{"rendered":"","protected":false},"featured_media":4842,"comment_status":"open","ping_status":"closed","template":"","meta":{"_acf_changed":false},"product_brand":[],"product_cat":[18,57],"product_tag":[],"class_list":{"0":"post-4841","1":"product","2":"type-product","3":"status-publish","4":"has-post-thumbnail","6":"product_cat-mks-homme","7":"product_cat-vestes-homme","9":"first","10":"instock","11":"shipping-taxable","12":"purchasable","13":"product-type-variable"},"acf":[],"jetpack_sharing_enabled":true,"_links":{"self":[{"href":"https:\/\/mykamiss.com\/index.php?rest_route=\/wp\/v2\/product\/4841","targetHints":{"allow":["GET"]}}],"collection":[{"href":"https:\/\/mykamiss.com\/index.php?rest_route=\/wp\/v2\/product"}],"about":[{"href":"https:\/\/mykamiss.com\/index.php?rest_route=\/wp\/v2\/types\/product"}],"replies":[{"embeddable":true,"href":"https:\/\/mykamiss.com\/index.php?rest_route=%2Fwp%2Fv2%2Fcomments&post=4841"}],"wp:featuredmedia":[{"embeddable":true,"href":"https:\/\/mykamiss.com\/index.php?rest_route=\/wp\/v2\/media\/4842"}],"wp:attachment":[{"href":"https:\/\/mykamiss.com\/index.php?rest_route=%2Fwp%2Fv2%2Fmedia&parent=4841"}],"wp:term":[{"taxonomy":"product_brand","embeddable":true,"href":"https:\/\/mykamiss.com\/index.php?rest_route=%2Fwp%2Fv2%2Fproduct_brand&post=4841"},{"taxonomy":"product_cat","embeddable":true,"href":"https:\/\/mykamiss.com\/index.php?rest_route=%2Fwp%2Fv2%2Fproduct_cat&post=4841"},{"taxonomy":"product_tag","embeddable":true,"href":"https:\/\/mykamiss.com\/index.php?rest_route=%2Fwp%2Fv2%2Fproduct_tag&post=4841"}],"curies":[{"name":"wp","href":"https:\/\/api.w.org\/{rel}","templated":true}]}}